{"id":2384,"date":"2018-02-20T16:46:16","date_gmt":"2018-02-20T15:46:16","guid":{"rendered":"https:\/\/www.campingdelill.fr\/professionnels\/"},"modified":"2026-04-13T11:10:05","modified_gmt":"2026-04-13T09:10:05","slug":"professionnels","status":"publish","type":"page","link":"https:\/\/www.campingdelill.fr\/de\/professionnels\/","title":{"rendered":"Professionnels"},"content":{"rendered":"<div class=\"wpb-content-wrapper\"><p>[vc_row][vc_column][vc_single_image image=&#8220;2189&#8243; img_size=&#8220;1900&#215;500&#8243; alignment=&#8220;center&#8220;][\/vc_column][\/vc_row][vc_row][vc_column]<div class=\"wrappedcontent\">[vc_row_inner equal_height=&#8220;yes&#8220; gap=&#8220;35&#8243; css=&#8220;.vc_custom_1619451921327{margin-left: -0.5px !important;}&#8220;][vc_column_inner][vc_column_text]<\/p>\n<h2 style=\"text-align: center;\"><strong>HERZLICH WILLKOMMEN IM CAMPING DE COLMAR<\/strong><\/h2>\n<p>[\/vc_column_text][\/vc_column_inner][\/vc_row_inner][vc_row_inner equal_height=&#8220;yes&#8220; gap=&#8220;35&#8243; css=&#8220;.vc_custom_1619451921327{margin-left: -0.5px !important;}&#8220;][vc_column_inner][vc_column_text]<\/p>\n<p style=\"text-align: center;\"><span style=\"font-size: 14pt;\"><strong>Das beste Preis-Leistungsverh\u00e4ltnis f\u00fcr die Unterbringung Ihrer Teams!<\/strong><\/span><\/p>\n<p style=\"text-align: center;\"><span style=\"font-size: 14pt;\">Sie suchen nach Unterkunftsl\u00f6sungen f\u00fcr Ihre Teams im Elsass und in unmittelbarer N\u00e4he der Stadt Colmar? Ob f\u00fcr eine Nacht oder mehrere Wochen, f\u00fcr eine Fortbildung, einen beruflichen Einsatz, eine Fachmesse oder als Monteurunterkunft, das Citykamp Ill de Colmar bietet Ihnen das beste Preis-Leistungs-Verh\u00e4ltnis f\u00fcr die Unterbringung Ihrer Teams.<\/span><\/p>\n<p>[\/vc_column_text][\/vc_column_inner][\/vc_row_inner]<div class=\"text-center btnwrap\"><a class=\"btn btn-huttopia-cta\" href=\"mailto:pros@huttopia.com\" role=\"button\" target=\"\" onclick=\"dataLayer.push({'event':'clickCity', 'clickText':'Ganzj\u00e4hrig ge\u00f6ffnet!'})\">Ganzj\u00e4hrig ge\u00f6ffnet!<\/a><\/div>[vc_empty_space height=&#8220;20px&#8220;][vc_row_inner equal_height=&#8220;yes&#8220; gap=&#8220;35&#8243; css=&#8220;.vc_custom_1617289694959{margin-left: -0.5px !important;background-color: #ffffff !important;}&#8220;][vc_column_inner width=&#8220;1\/2&#8243;][vc_single_image image=&#8220;2193&#8243; img_size=&#8220;600&#215;300&#8243;][\/vc_column_inner][vc_column_inner width=&#8220;1\/2&#8243;][vc_empty_space height=&#8220;25px&#8220;][vc_column_text]<\/p>\n<p style=\"text-align: center;\"><span style=\"font-size: 18pt;\"><strong><span style=\"color: #e84e1b;\">&#8211; IN UNMITTELBARER N\u00c4HE ZUR STADT &#8211;<\/span><\/strong><\/span><\/p>\n<p style=\"text-align: center;\"><span style=\"font-size: 14pt;\">Die ideale Lage des Camping de Colmar bietet direkten Zugang zum Stadtzentrum, dem Colmarer Messegel\u00e4nde und den verschiedenen Gewerbezonen der Stadt. 20 km von der deutschen Grenze und 40 km von Mulhouse entfernt.<\/span><\/p>\n<p>[\/vc_column_text][\/vc_column_inner][\/vc_row_inner][vc_empty_space height=&#8220;20px&#8220;][vc_column_text css=&#8220;&#8220;]<\/p>\n<p style=\"text-align: center;\"><span style=\"color: #e84e1b; font-size: 18pt;\"><strong>&#8211; KOSTENG\u00dcNSTIGE UND KOMFORTABLE UNTERKUNFTSL\u00d6SUNGEN &#8211;<\/strong><\/span><\/p>\n<p style=\"text-align: center;\"><span style=\"font-size: 14pt;\"><strong>Komplett ausgestattete Unterk\u00fcnfte, damit Ihre Teams so unabh\u00e4ngig wie m\u00f6glich sind.<\/strong><\/span><br \/>\n<span style=\"font-size: 14pt;\">Das Camping de Colmar bietet Hoteldienstleistungen in komfortablen Unterk\u00fcnften f\u00fcr einen Aufenthalt wie im Hotel, mit Einzel- oder Mehrbettzimmern.<\/span><\/p>\n<p>[\/vc_column_text][vc_empty_space][vc_row_inner equal_height=&#8220;yes&#8220; gap=&#8220;25&#8243; css=&#8220;.vc_custom_1617289833593{margin-left: -0.5px !important;}&#8220;][vc_column_inner width=&#8220;1\/2&#8243;][vc_masonry_media_grid element_width=&#8220;12&#8243; gap=&#8220;0&#8243; grid_id=&#8220;vc_gid:1776071344112-fea555a6-0620-4&#8243; include=&#8220;2197&#8243;][vc_empty_space height=&#8220;20px&#8220;][vc_text_separator title=&#8220;CHALET&#8220; color=&#8220;custom&#8220; border_width=&#8220;2&#8243; accent_color=&#8220;#e84e1b&#8220;][\/vc_column_inner][vc_column_inner width=&#8220;1\/2&#8243;][vc_masonry_media_grid element_width=&#8220;12&#8243; gap=&#8220;0&#8243; grid_id=&#8220;vc_gid:1776071344113-89c519d0-a865-0&#8243; include=&#8220;2201&#8243;][vc_empty_space height=&#8220;20px&#8220;][vc_text_separator title=&#8220;MOBILE-HOME&#8220; color=&#8220;custom&#8220; border_width=&#8220;2&#8243; accent_color=&#8220;#e84e1b&#8220;][\/vc_column_inner][\/vc_row_inner][vc_empty_space][vc_row_inner equal_height=&#8220;yes&#8220; gap=&#8220;20&#8243; css=&#8220;.vc_custom_1617290181841{margin-left: -0.5px !important;}&#8220;][vc_column_inner width=&#8220;1\/5&#8243;][vc_icon icon_fontawesome=&#8220;far fa-calendar-check&#8220; color=&#8220;custom&#8220; align=&#8220;center&#8220; custom_color=&#8220;#e84e1b&#8220;][vc_column_text css=&#8220;.vc_custom_1622128239676{margin-top: -40px !important;}&#8220;]<\/p>\n<p style=\"text-align: center;\"><span style=\"color: #e84e1b;\"><strong>Check-in 7 Tage die Woche ge\u00f6ffnet<\/strong><\/span><\/p>\n<p>[\/vc_column_text][\/vc_column_inner][vc_column_inner width=&#8220;1\/5&#8243;][vc_icon icon_fontawesome=&#8220;fas fa-parking&#8220; color=&#8220;custom&#8220; align=&#8220;center&#8220; custom_color=&#8220;#e84e1b&#8220;][vc_column_text css=&#8220;.vc_custom_1622128258888{margin-top: -40px !important;}&#8220;]<\/p>\n<p style=\"text-align: center;\"><span style=\"color: #e84e1b;\"><strong>Gratisparkplatz<\/strong><\/span><\/p>\n<p>[\/vc_column_text][\/vc_column_inner][vc_column_inner width=&#8220;1\/5&#8243;][vc_icon icon_fontawesome=&#8220;fas fa-bed&#8220; color=&#8220;custom&#8220; align=&#8220;center&#8220; custom_color=&#8220;#e84e1b&#8220;][vc_column_text css=&#8220;.vc_custom_1622128271622{margin-top: -40px !important;}&#8220;]<\/p>\n<p style=\"text-align: center;\"><span style=\"color: #e84e1b;\"><strong>Bettw\u00e4sche und Handt\u00fccher<\/strong><\/span><br \/>\n<span style=\"color: #ffffff;\">Inklusive oder gegen Aufpreis<\/span><\/p>\n<p>[\/vc_column_text][\/vc_column_inner][vc_column_inner width=&#8220;1\/5&#8243;][vc_icon icon_fontawesome=&#8220;fas fa-utensils&#8220; color=&#8220;custom&#8220; align=&#8220;center&#8220; custom_color=&#8220;#e84e1b&#8220;][vc_column_text css=&#8220;.vc_custom_1622128284789{margin-top: -40px !important;}&#8220;]<\/p>\n<p style=\"text-align: center;\"><span style=\"color: #e84e1b;\"><strong>Caf\u00e9-Restaurant und kleiner Lebensmittelladen<\/strong><\/span><\/p>\n<p>[\/vc_column_text][\/vc_column_inner][vc_column_inner width=&#8220;1\/5&#8243;][vc_icon icon_fontawesome=&#8220;fas fa-coffee&#8220; color=&#8220;custom&#8220; align=&#8220;center&#8220; custom_color=&#8220;#e84e1b&#8220;][vc_column_text css=&#8220;.vc_custom_1622128292293{margin-top: -40px !important;}&#8220;]<\/p>\n<p style=\"text-align: center;\"><span style=\"color: #e84e1b;\"><strong>Fr\u00fchst\u00fcck<\/strong><\/span><\/p>\n<p>[\/vc_column_text][\/vc_column_inner][\/vc_row_inner][vc_empty_space]<div class=\"text-center btnwrap\"><a class=\"btn btn-huttopia-cta\" href=\"mailto:pros@huttopia.com\" role=\"button\" target=\"\" onclick=\"dataLayer.push({'event':'clickCity', 'clickText':'JETZT BUCHEN'})\">JETZT BUCHEN<\/a><\/div><\/div>[\/vc_column][\/vc_row][vc_row css=&#8220;.vc_custom_1617290011707{background-color: #e8e8e8 !important;}&#8220;][vc_column]<div class=\"wrappedcontent\">[vc_column_text]<\/p>\n<p style=\"text-align: center;\"><span style=\"color: #e84e1b; font-size: 18pt;\"><strong>&#8211; F\u00dcR JEDE ART VON BERUFLICHEM AUFENTHALT &#8211;<\/strong><\/span><\/p>\n<p>[\/vc_column_text][vc_empty_space height=&#8220;20px&#8220;][vc_row_inner equal_height=&#8220;yes&#8220; gap=&#8220;35&#8243; css=&#8220;.vc_custom_1617290036776{margin-left: -0.5px !important;}&#8220;][vc_column_inner width=&#8220;1\/3&#8243; css=&#8220;.vc_custom_1617290147058{background-color: #ffffff !important;}&#8220;][vc_masonry_media_grid element_width=&#8220;12&#8243; gap=&#8220;0&#8243; grid_id=&#8220;vc_gid:1776071344114-d9438033-f747-10&#8243; include=&#8220;2241&#8243;][vc_empty_space height=&#8220;15px&#8220;][vc_column_text css=&#8220;.vc_custom_1636966253638{padding-right: 10px !important;padding-bottom: 10px !important;padding-left: 10px !important;}&#8220;]<\/p>\n<p style=\"text-align: center;\"><span style=\"color: #e84e1b;\"><strong>F\u00fcr Unternehmen, die ihre Teams unterbringen m\u00f6chten, zum besten Preis-\/Leistungsverh\u00e4ltnis<\/strong><\/span><\/p>\n<p style=\"text-align: center;\">Wir haben etwa zwanzig Vermietungen.<\/p>\n<p>[\/vc_column_text][\/vc_column_inner][vc_column_inner width=&#8220;1\/3&#8243; css=&#8220;.vc_custom_1617290150977{background-color: #ffffff !important;}&#8220;][vc_masonry_media_grid element_width=&#8220;12&#8243; gap=&#8220;0&#8243; grid_id=&#8220;vc_gid:1776071344115-b817f03f-162c-8&#8243; include=&#8220;2245&#8243;][vc_empty_space height=&#8220;15px&#8220;][vc_column_text css=&#8220;.vc_custom_1622128355288{padding-right: 10px !important;padding-bottom: 10px !important;padding-left: 10px !important;}&#8220;]<\/p>\n<p style=\"text-align: center;\"><span style=\"color: #e84e1b;\"><strong>F\u00fcr jede Art von Gesch\u00e4ftsreise<\/strong><\/span><\/p>\n<p style=\"text-align: center;\">Baustelle in Colmar, im Elsass oder in der Region Grand-Est<br \/>\nFachmesse auf dem Messegel\u00e4nde Parc des Expositions<br \/>\nBerufliche Weiterbildung in Colmar<br \/>\nRegelm\u00e4\u00dfige Gesch\u00e4ftsreisen ins Elsass<\/p>\n<p>[\/vc_column_text][\/vc_column_inner][vc_column_inner width=&#8220;1\/3&#8243; css=&#8220;.vc_custom_1617290156536{background-color: #ffffff !important;}&#8220;][vc_masonry_media_grid element_width=&#8220;12&#8243; gap=&#8220;0&#8243; grid_id=&#8220;vc_gid:1776071344115-103854d6-ac1f-10&#8243; include=&#8220;2249&#8243;][vc_empty_space height=&#8220;15px&#8220;][vc_column_text css=&#8220;.vc_custom_1776071402972{padding-right: 10px !important;padding-bottom: 10px !important;padding-left: 10px !important;}&#8220;]<\/p>\n<p style=\"text-align: center;\"><span style=\"color: #e84e1b;\"><strong>Ge\u00f6ffnet von April bis Januar<\/strong><\/span><\/p>\n<p style=\"text-align: center;\">F\u00fcr kurz-, mittel- oder langfristig<br \/>\nVon 1 Nacht bis zu mehreren Monaten<\/p>\n<p>[\/vc_column_text][\/vc_column_inner][\/vc_row_inner]<\/div>[\/vc_column][\/vc_row][vc_row][vc_column]<div class=\"wrappedcontent\">[vc_row_inner equal_height=&#8220;yes&#8220; gap=&#8220;35&#8243; css=&#8220;.vc_custom_1617290358289{margin-left: -0.5px !important;}&#8220;][vc_column_inner][vc_column_text]<\/p>\n<p style=\"text-align: center;\"><span style=\"color: #e84e1b; font-size: 18pt;\"><strong>&#8211; IHR CAMPING DE COLMAR IST LEICHT ZU ERREICHEN &#8211;<\/strong><\/span><\/p>\n<p style=\"text-align: center;\"><span style=\"font-size: 14pt;\"><strong>Optimieren Sie Ihre Fahrzeit in Colmar und Umgebung! Bringen Sie Ihre Teams in unmittelbarer N\u00e4he Ihrer Projektorte unter.<\/strong><\/span><\/p>\n<p>[\/vc_column_text][\/vc_column_inner][\/vc_row_inner][vc_empty_space height=&#8220;20px&#8220;][vc_row_inner equal_height=&#8220;yes&#8220; gap=&#8220;20&#8243; css=&#8220;.vc_custom_1617290419922{margin-left: -0.5px !important;}&#8220;][vc_column_inner width=&#8220;1\/4&#8243; css=&#8220;.vc_custom_1617290427208{background-color: #e8e8e8 !important;}&#8220;][vc_icon icon_fontawesome=&#8220;fas fa-car-side&#8220; color=&#8220;custom&#8220; align=&#8220;center&#8220; custom_color=&#8220;#e84e1b&#8220;][vc_column_text css=&#8220;.vc_custom_1622128441286{margin-top: -40px !important;padding-top: 10px !important;padding-right: 10px !important;padding-bottom: 10px !important;padding-left: 10px !important;}&#8220;]<\/p>\n<p style=\"text-align: center;\"><strong>Auto<\/strong><br \/>\n<span style=\"font-size: 10pt;\"><strong>Aus Paris kommend:<\/strong> A4 (Ausfahrt 25 \u201eFreiburg\/Neuf-Brisach\/Horbourg-Wihr\/Colmar-Semm\u201c)<\/span><br \/>\n<span style=\"font-size: 10pt;\"><strong>Aus Lyon kommend:<\/strong> A36 (Ausfahrt 25 \u201eFreiburg\/Neuf-Brisach\/Horbourg-Wihr\/Colmar-Semm\u201c)<\/span><br \/>\n<span style=\"font-size: 10pt;\"><strong>Aus Frankfurt kommend:<\/strong> A35 (Ausfahrt 25 \u201eFreiburg\/Neuf-Brisach\/Horbourg-Wihr\/Colmar-Semm\u201c)<\/span><\/p>\n<p>[\/vc_column_text][\/vc_column_inner][vc_column_inner width=&#8220;1\/4&#8243; css=&#8220;.vc_custom_1617290431537{background-color: #e8e8e8 !important;}&#8220;][vc_icon icon_fontawesome=&#8220;fas fa-bus-alt&#8220; color=&#8220;custom&#8220; align=&#8220;center&#8220; custom_color=&#8220;#e84e1b&#8220;][vc_column_text css=&#8220;.vc_custom_1622128457014{margin-top: -40px !important;padding-top: 10px !important;padding-right: 10px !important;padding-bottom: 10px !important;padding-left: 10px !important;}&#8220;]<\/p>\n<p style=\"text-align: center;\"><strong>\u00d6ffentliche Verkehrsmittel<\/strong><br \/>\n<span style=\"font-size: 10pt;\"><strong>Bus :<\/strong> (3 Gehminuten)<\/span><\/p>\n<p>[\/vc_column_text][\/vc_column_inner][vc_column_inner width=&#8220;1\/4&#8243; css=&#8220;.vc_custom_1617290435312{background-color: #e8e8e8 !important;}&#8220;][vc_icon icon_fontawesome=&#8220;fas fa-subway&#8220; color=&#8220;custom&#8220; align=&#8220;center&#8220; custom_color=&#8220;#e84e1b&#8220;][vc_column_text css=&#8220;.vc_custom_1622128470087{margin-top: -40px !important;padding-top: 10px !important;padding-right: 10px !important;padding-bottom: 10px !important;padding-left: 10px !important;}&#8220;]<\/p>\n<p style=\"text-align: center;\"><strong>SNCF-Bahnhof<\/strong><br \/>\n<span style=\"font-size: 10pt;\"><strong>Colmar :<\/strong> (5 km)<br \/>\n<\/span><span style=\"font-size: 10pt;\"><strong>Mulhouse :<\/strong> (45 km)<\/span><\/p>\n<p>[\/vc_column_text][\/vc_column_inner][vc_column_inner width=&#8220;1\/4&#8243; css=&#8220;.vc_custom_1617290439521{background-color: #e8e8e8 !important;}&#8220;][vc_icon icon_fontawesome=&#8220;fas fa-plane&#8220; color=&#8220;custom&#8220; align=&#8220;center&#8220; custom_color=&#8220;#e84e1b&#8220;][vc_column_text css=&#8220;.vc_custom_1622128485879{margin-top: -40px !important;padding-top: 10px !important;padding-right: 10px !important;padding-bottom: 10px !important;padding-left: 10px !important;}&#8220;]<\/p>\n<p style=\"text-align: center;\"><strong>Flugh\u00e4fen<\/strong><br \/>\n<span style=\"font-size: 10pt;\"><strong>Strasbourg-Entzheim :<\/strong> (50 min)<\/span><br \/>\n<span style=\"font-size: 10pt;\"><strong>EuroAirport Basel-Mulhouse-Freiburg :<\/strong> (40 min)<br \/>\n<\/span><span style=\"font-size: 10pt;\"><strong>Flughafen Frankfurt<\/strong> (3 h)<\/span><\/p>\n<p>[\/vc_column_text][\/vc_column_inner][\/vc_row_inner]<\/div>\n    <div id=\"map869461\" class=\"map\"><\/div>\n    <script type=\"text\/javascript\">\n        let iconType = L.icon({\n            iconUrl: baseDirectory + '\/img\/pin.png',\n            iconSize: [22, 48],\n            iconAnchor: [11, 46],\n            popupAnchor: [0, -46]\n        });\n        let map = L.map('map869461', {\n            center: L.latLng(48.0791101, 7.386474700000008),\n            zoom: 10.8,\n            layers: [L.tileLayer('https:\/\/cartodb-basemaps-b.global.ssl.fastly.net\/light_all\/{z}\/{x}\/{y}.png', {\n                attribution: '&copy; <a href=\"https:\/\/www.openstreetmap.org\/copyright\">OpenStreetMap<\/a>'\n            })],\n            zoomSnap: 0.2\n        });\n        setTimeout(map.invalidateSize.bind(map), 100);\n        let contentString = '<div id=\"content\">' +\n            '<div id=\"siteNotice\">' +\n            '<\/div>' +\n            '<h4 id=\"firstHeading\" class=\"firstHeading\">Camping de l\\'Ill - Colmar<\/h4>' +\n            '<div id=\"bodyContent\">' +\n            '<p>1, all\u00e9e du Camping<\/p>' +\n            '<p>68180 Colmar - Horbourg Wihr<\/p>' +\n            '<\/div>' +\n            '<\/div>';\n        let marker = L.marker([48.0791101, 7.386474700000008], {icon: iconType}).addTo(map);\n        marker.bindPopup(contentString).openPopup();\n        let iwOuter = document.querySelector('.leaflet-popup-content-wrapper');\n        let iwArrow = document.querySelector('.leaflet-popup-tip');\n        iwOuter.style.backgroundColor = '#E84E1B';\n        iwArrow.style.backgroundColor = '#E84E1B';\n    <\/script>\n    [\/vc_column][\/vc_row][vc_row css=&#8220;.vc_custom_1617290699748{background-color: #e84e1b !important;}&#8220;][vc_column]<div class=\"wrappedcontent\">[vc_column_text]<\/p>\n<p style=\"text-align: center;\"><span style=\"font-size: 18pt; color: #ffffff;\"><strong>Ein pers\u00f6nlicher Ansprechpartner f\u00fcr Ihre Buchungsanfrage<\/strong><\/span><\/p>\n<p>[\/vc_column_text][vc_empty_space height=&#8220;20px&#8220;][vc_row_inner gap=&#8220;20&#8243; css=&#8220;.vc_custom_1617290730164{margin-left: -0.5px !important;}&#8220;][vc_column_inner width=&#8220;1\/3&#8243;][vc_icon icon_fontawesome=&#8220;fas fa-phone-alt&#8220; color=&#8220;custom&#8220; align=&#8220;center&#8220; custom_color=&#8220;#ffffff&#8220;][vc_column_text css=&#8220;.vc_custom_1646067682705{margin-top: -40px !important;padding-top: 10px !important;padding-bottom: 10px !important;}&#8220;]<\/p>\n<p style=\"text-align: center;\"><span style=\"color: #ffffff; font-size: 14pt;\"><strong><a style=\"color: #ffffff;\" href=\"tel:0477522308\">+33 4 77 52 23 08<\/a><\/strong><br \/>\n(F\u00fcr eine Anreise am Tag: <a style=\"color: #ffffff;\" href=\"tel:0389411594\">+33 (0)3 89 41 15 94<\/a>)<\/span><\/p>\n<p>[\/vc_column_text][\/vc_column_inner][vc_column_inner width=&#8220;1\/3&#8243;][vc_icon icon_fontawesome=&#8220;far fa-envelope&#8220; color=&#8220;custom&#8220; align=&#8220;center&#8220; custom_color=&#8220;#ffffff&#8220;][vc_column_text css=&#8220;.vc_custom_1619452643978{margin-top: -40px !important;padding-top: 10px !important;padding-bottom: 10px !important;}&#8220;]<\/p>\n<p style=\"text-align: center;\"><span style=\"color: #ffffff; font-size: 14pt;\"><strong><a style=\"color: #ffffff;\" href=\"mailto:pros@huttopia.com\">pros@huttopia.com<\/a><\/strong><\/span><\/p>\n<p>[\/vc_column_text][\/vc_column_inner][vc_column_inner width=&#8220;1\/3&#8243;][vc_icon icon_fontawesome=&#8220;fas fa-globe&#8220; color=&#8220;custom&#8220; align=&#8220;center&#8220; custom_color=&#8220;#ffffff&#8220;][vc_column_text css=&#8220;.vc_custom_1622128529260{margin-top: -40px !important;padding-top: 10px !important;padding-bottom: 10px !important;}&#8220;]<\/p>\n<p style=\"text-align: center;\"><span style=\"color: #ffffff; font-size: 14pt;\"><strong><a style=\"color: #ffffff;\" href=\"https:\/\/www.campingdelill.fr\/de\/contact\/\">Online-Kontaktformular<\/a><\/strong><\/span><\/p>\n<p>[\/vc_column_text][\/vc_column_inner][\/vc_row_inner]<\/div>[\/vc_column][\/vc_row]<\/p>\n<\/div>","protected":false},"excerpt":{"rendered":"<p>[vc_row][vc_column][vc_single_image image=&#8220;2189&#8243; img_size=&#8220;1900&#215;500&#8243; alignment=&#8220;center&#8220;][\/vc_column][\/vc_row][vc_row][vc_column][\/vc_column][\/vc_row][vc_row css=&#8220;.vc_custom_1617290011707{background-color: #e8e8e8 !important;}&#8220;][vc_column][\/vc_column][\/vc_row][vc_row][vc_column][\/vc_column][\/vc_row][vc_row css=&#8220;.vc_custom_1617290699748{background-color: #e84e1b !important;}&#8220;][vc_column][\/vc_column][\/vc_row]<\/p>\n","protected":false},"author":1,"featured_media":0,"parent":0,"menu_order":0,"comment_status":"closed","ping_status":"closed","template":"","meta":{"footnotes":""},"class_list":["post-2384","page","type-page","status-publish","hentry"],"yoast_head":"<!-- This site is optimized with the Yoast SEO plugin v25.6 - https:\/\/yoast.com\/wordpress\/plugins\/seo\/ -->\n<title>Professionnels - Camping de Colmar<\/title>\n<meta name=\"description\" content=\"Das Citykamp de l&#039;Ill in Colmar bietet Ihnen die M\u00f6glichkeit, Ihre Teams zum besten Preis-Leistungs-Verh\u00e4ltnis unterzubringen.\" \/>\n<meta name=\"robots\" content=\"index, follow, max-snippet:-1, max-image-preview:large, max-video-preview:-1\" \/>\n<link rel=\"canonical\" href=\"https:\/\/www.campingdelill.fr\/de\/professionnels\/\" \/>\n<meta property=\"og:locale\" content=\"de_DE\" \/>\n<meta property=\"og:type\" content=\"article\" \/>\n<meta property=\"og:title\" content=\"Professionnels - Camping de Colmar\" \/>\n<meta property=\"og:description\" content=\"Das Citykamp de l&#039;Ill in Colmar bietet Ihnen die M\u00f6glichkeit, Ihre Teams zum besten Preis-Leistungs-Verh\u00e4ltnis unterzubringen.\" \/>\n<meta property=\"og:url\" content=\"https:\/\/www.campingdelill.fr\/de\/professionnels\/\" \/>\n<meta property=\"og:site_name\" content=\"Camping de Colmar\" \/>\n<meta property=\"article:modified_time\" content=\"2026-04-13T09:10:05+00:00\" \/>\n<meta name=\"twitter:card\" content=\"summary_large_image\" \/>\n<meta name=\"twitter:label1\" content=\"Est. reading time\" \/>\n\t<meta name=\"twitter:data1\" content=\"5 Minuten\" \/>\n<script type=\"application\/ld+json\" class=\"yoast-schema-graph\">{\"@context\":\"https:\/\/schema.org\",\"@graph\":[{\"@type\":\"WebPage\",\"@id\":\"https:\/\/www.campingdelill.fr\/de\/professionnels\/\",\"url\":\"https:\/\/www.campingdelill.fr\/de\/professionnels\/\",\"name\":\"Professionnels - Camping de Colmar\",\"isPartOf\":{\"@id\":\"https:\/\/www.campingdelill.fr\/de\/#website\"},\"datePublished\":\"2018-02-20T15:46:16+00:00\",\"dateModified\":\"2026-04-13T09:10:05+00:00\",\"description\":\"Das Citykamp de l'Ill in Colmar bietet Ihnen die M\u00f6glichkeit, Ihre Teams zum besten Preis-Leistungs-Verh\u00e4ltnis unterzubringen.\",\"breadcrumb\":{\"@id\":\"https:\/\/www.campingdelill.fr\/de\/professionnels\/#breadcrumb\"},\"inLanguage\":\"de-DE\",\"potentialAction\":[{\"@type\":\"ReadAction\",\"target\":[\"https:\/\/www.campingdelill.fr\/de\/professionnels\/\"]}]},{\"@type\":\"BreadcrumbList\",\"@id\":\"https:\/\/www.campingdelill.fr\/de\/professionnels\/#breadcrumb\",\"itemListElement\":[{\"@type\":\"ListItem\",\"position\":1,\"name\":\"Accueil\",\"item\":\"https:\/\/www.campingdelill.fr\/de\/\"},{\"@type\":\"ListItem\",\"position\":2,\"name\":\"Professionnels\"}]},{\"@type\":\"WebSite\",\"@id\":\"https:\/\/www.campingdelill.fr\/de\/#website\",\"url\":\"https:\/\/www.campingdelill.fr\/de\/\",\"name\":\"Camping de Colmar\",\"description\":\"Un site utilisant Citykamp\",\"potentialAction\":[{\"@type\":\"SearchAction\",\"target\":{\"@type\":\"EntryPoint\",\"urlTemplate\":\"https:\/\/www.campingdelill.fr\/de\/?s={search_term_string}\"},\"query-input\":{\"@type\":\"PropertyValueSpecification\",\"valueRequired\":true,\"valueName\":\"search_term_string\"}}],\"inLanguage\":\"de-DE\"}]}<\/script>\n<!-- \/ Yoast SEO plugin. -->","yoast_head_json":{"title":"Professionnels - Camping de Colmar","description":"Das Citykamp de l'Ill in Colmar bietet Ihnen die M\u00f6glichkeit, Ihre Teams zum besten Preis-Leistungs-Verh\u00e4ltnis unterzubringen.","robots":{"index":"index","follow":"follow","max-snippet":"max-snippet:-1","max-image-preview":"max-image-preview:large","max-video-preview":"max-video-preview:-1"},"canonical":"https:\/\/www.campingdelill.fr\/de\/professionnels\/","og_locale":"de_DE","og_type":"article","og_title":"Professionnels - Camping de Colmar","og_description":"Das Citykamp de l'Ill in Colmar bietet Ihnen die M\u00f6glichkeit, Ihre Teams zum besten Preis-Leistungs-Verh\u00e4ltnis unterzubringen.","og_url":"https:\/\/www.campingdelill.fr\/de\/professionnels\/","og_site_name":"Camping de Colmar","article_modified_time":"2026-04-13T09:10:05+00:00","twitter_card":"summary_large_image","twitter_misc":{"Est. reading time":"5 Minuten"},"schema":{"@context":"https:\/\/schema.org","@graph":[{"@type":"WebPage","@id":"https:\/\/www.campingdelill.fr\/de\/professionnels\/","url":"https:\/\/www.campingdelill.fr\/de\/professionnels\/","name":"Professionnels - Camping de Colmar","isPartOf":{"@id":"https:\/\/www.campingdelill.fr\/de\/#website"},"datePublished":"2018-02-20T15:46:16+00:00","dateModified":"2026-04-13T09:10:05+00:00","description":"Das Citykamp de l'Ill in Colmar bietet Ihnen die M\u00f6glichkeit, Ihre Teams zum besten Preis-Leistungs-Verh\u00e4ltnis unterzubringen.","breadcrumb":{"@id":"https:\/\/www.campingdelill.fr\/de\/professionnels\/#breadcrumb"},"inLanguage":"de-DE","potentialAction":[{"@type":"ReadAction","target":["https:\/\/www.campingdelill.fr\/de\/professionnels\/"]}]},{"@type":"BreadcrumbList","@id":"https:\/\/www.campingdelill.fr\/de\/professionnels\/#breadcrumb","itemListElement":[{"@type":"ListItem","position":1,"name":"Accueil","item":"https:\/\/www.campingdelill.fr\/de\/"},{"@type":"ListItem","position":2,"name":"Professionnels"}]},{"@type":"WebSite","@id":"https:\/\/www.campingdelill.fr\/de\/#website","url":"https:\/\/www.campingdelill.fr\/de\/","name":"Camping de Colmar","description":"Un site utilisant Citykamp","potentialAction":[{"@type":"SearchAction","target":{"@type":"EntryPoint","urlTemplate":"https:\/\/www.campingdelill.fr\/de\/?s={search_term_string}"},"query-input":{"@type":"PropertyValueSpecification","valueRequired":true,"valueName":"search_term_string"}}],"inLanguage":"de-DE"}]}},"_links":{"self":[{"href":"https:\/\/www.campingdelill.fr\/de\/wp-json\/wp\/v2\/pages\/2384","targetHints":{"allow":["GET"]}}],"collection":[{"href":"https:\/\/www.campingdelill.fr\/de\/wp-json\/wp\/v2\/pages"}],"about":[{"href":"https:\/\/www.campingdelill.fr\/de\/wp-json\/wp\/v2\/types\/page"}],"author":[{"embeddable":true,"href":"https:\/\/www.campingdelill.fr\/de\/wp-json\/wp\/v2\/users\/1"}],"replies":[{"embeddable":true,"href":"https:\/\/www.campingdelill.fr\/de\/wp-json\/wp\/v2\/comments?post=2384"}],"version-history":[{"count":4,"href":"https:\/\/www.campingdelill.fr\/de\/wp-json\/wp\/v2\/pages\/2384\/revisions"}],"predecessor-version":[{"id":3930,"href":"https:\/\/www.campingdelill.fr\/de\/wp-json\/wp\/v2\/pages\/2384\/revisions\/3930"}],"wp:attachment":[{"href":"https:\/\/www.campingdelill.fr\/de\/wp-json\/wp\/v2\/media?parent=2384"}],"curies":[{"name":"wp","href":"https:\/\/api.w.org\/{rel}","templated":true}]}}