{"id":405,"date":"2018-02-20T16:45:10","date_gmt":"2018-02-20T15:45:10","guid":{"rendered":"http:\/\/www.citykamp.com\/colmar\/de\/activites-services\/"},"modified":"2026-04-13T10:58:10","modified_gmt":"2026-04-13T08:58:10","slug":"aktivitaten-dienstleistungen","status":"publish","type":"page","link":"https:\/\/www.campingdelill.fr\/de\/aktivitaten-dienstleistungen\/","title":{"rendered":"Activit\u00e9s \/ Services"},"content":{"rendered":"<div class=\"wpb-content-wrapper\"><p>[vc_row][vc_column][vc_single_image image=&#8220;2993&#8243; img_size=&#8220;1900&#215;500&#8243;][\/vc_column][\/vc_row][vc_row][vc_column]<div class=\"wrappedcontent\">[vc_column_text]<\/p>\n<h4 style=\"text-align: center;\">&#8211; Auf dem Campingplatz stehen Ihnen viele Freizeitangebote zur Verf\u00fcgung &#8211;<\/h4>\n<p>[\/vc_column_text][vc_empty_space height=&#8220;50px&#8220;][vc_row_inner gap=&#8220;25&#8243;][vc_column_inner width=&#8220;1\/3&#8243;][vc_masonry_media_grid element_width=&#8220;12&#8243; gap=&#8220;0&#8243; item=&#8220;137&#8243; grid_id=&#8220;vc_gid:1776070683154-25b180aa-0120-2&#8243; include=&#8220;3017&#8243;][vc_empty_space height=&#8220;12px&#8220;][vc_column_text css=&#8220;&#8220;]Camping de l&#8217;Ill &#8211; Colmar erwartet Sie mit einem gro\u00dfen beheizten Schwimmbad und einem Wasserspielplatz mit Planschbecken, die vom 28\/04 bis 28\/09 ge\u00f6ffnet sind.[\/vc_column_text][\/vc_column_inner][vc_column_inner width=&#8220;1\/3&#8243;][vc_masonry_media_grid element_width=&#8220;12&#8243; gap=&#8220;0&#8243; item=&#8220;137&#8243; grid_id=&#8220;vc_gid:1776070683155-3b31da5a-770e-0&#8243; include=&#8220;3037&#8243;][vc_empty_space height=&#8220;12px&#8220;][vc_column_text]Ob Boule oder Tischfu\u00dfball, es ist f\u00fcr jeden Geschmack etwas dabei. Unsere kleinen G\u00e4ste k\u00f6nnen sich auf dem Spielplatz austoben.[\/vc_column_text][\/vc_column_inner][vc_column_inner width=&#8220;1\/3&#8243;][vc_masonry_media_grid element_width=&#8220;12&#8243; gap=&#8220;0&#8243; item=&#8220;137&#8243; grid_id=&#8220;vc_gid:1776070683155-336300a5-e51b-10&#8243; include=&#8220;1648&#8243;][vc_empty_space height=&#8220;12px&#8220;][vc_column_text]Das Stadtzentrum Colmars ist zu Fu\u00df oder mit dem Fahrrad (Fahrradweg) erreichbar\u2026 In Colmar k\u00f6nnen Sie das Viertel Klein-Venedig (Petite Venise) mit dem Boot erkunden oder eine Stadtrundfahrt mit dem Bummelzug unternehmen&#8230;[\/vc_column_text][\/vc_column_inner][\/vc_row_inner]<\/div>[\/vc_column][\/vc_row][vc_row css=&#8220;.vc_custom_1519145580671{background-color: #e8e8e8 !important;}&#8220;][vc_column]<div class=\"wrappedcontent\">[vc_column_text]<\/p>\n<h4 style=\"text-align: center;\">&#8211; Aktivit\u00e4ten in der Umgebung &#8211;<\/h4>\n<p>[\/vc_column_text][vc_empty_space height=&#8220;50px&#8220;][vc_row_inner][vc_column_inner width=&#8220;1\/2&#8243;][vc_column_text]<strong>Kanufahren auf der Ill<\/strong>: (Club) &#8211; 1 km<br \/>\n<strong>Tennis<\/strong> in Mittelhacht (Viertel) &#8211; 20 km<br \/>\n<strong>Reiten<\/strong> \u2013 Neuland-Wald &#8211; 5 km[\/vc_column_text][\/vc_column_inner][vc_column_inner width=&#8220;1\/2&#8243;][vc_column_text]<strong>Wassersportzentrum in Colmar-Houssen<\/strong>, ge\u00f6ffnet im Juni, Juli, August: Str\u00e4nde und Wassersport &#8211; 6 km<br \/>\n<strong>Golfplatz<\/strong> in Ammerschwihr &#8211; 13 km<br \/>\n<strong>Parc Alsace Aventure<\/strong>: Hochseilgarten, Seilrutschen, Mountainbike&#8230; &#8211; 45 km[\/vc_column_text][\/vc_column_inner][\/vc_row_inner]<\/div>[\/vc_column][\/vc_row][vc_row][vc_column]<div class=\"wrappedcontent\">[vc_column_text]<\/p>\n<h4 style=\"text-align: center;\">&#8211; Auf dem Campingplatz finden Sie verschiedene Dienstleistungen, um Ihren Aufenthalt\u00a0so angenehm wie m\u00f6glich zu gestalten &#8211;<\/h4>\n<p>[\/vc_column_text][vc_empty_space height=&#8220;50px&#8220;][vc_row_inner gap=&#8220;25&#8243;][vc_column_inner width=&#8220;1\/3&#8243;][vc_masonry_media_grid element_width=&#8220;12&#8243; gap=&#8220;0&#8243; item=&#8220;137&#8243; grid_id=&#8220;vc_gid:1776070683156-17d709d9-b926-2&#8243; include=&#8220;3057&#8243;][vc_empty_space height=&#8220;12px&#8220;][vc_column_text]Herzlicher Empfang: unser professionelles Team stellt Ihnen alle Informationen zu den gebotenen Aktivit\u00e4ten der Region sowie Brosch\u00fcren und Faltpl\u00e4ne zur Verf\u00fcgung\u2026[\/vc_column_text][\/vc_column_inner][vc_column_inner width=&#8220;1\/3&#8243;][vc_masonry_media_grid element_width=&#8220;12&#8243; gap=&#8220;0&#8243; item=&#8220;137&#8243; grid_id=&#8220;vc_gid:1776070683157-e28e8976-68fd-10&#8243; include=&#8220;2790&#8243;][vc_empty_space height=&#8220;12px&#8220;][vc_column_text css=&#8220;&#8220;]Ein vollst\u00e4ndig renovierter Restaurant- &amp; Bar-Bereich mit herrlicher Terrasse und Ausblick auf den Fluss Ill. Ein bezaubernder Ort, um ein Glas zu trinken oder sich zu st\u00e4rken. Das Restaurant ist ab dem 8 Mai 2025 an Wochenenden ge\u00f6ffnet und im Juli und August t\u00e4glich.[\/vc_column_text][\/vc_column_inner][vc_column_inner width=&#8220;1\/3&#8243;][vc_masonry_media_grid element_width=&#8220;12&#8243; gap=&#8220;0&#8243; item=&#8220;137&#8243; grid_id=&#8220;vc_gid:1776070683157-4aaf51f8-0d34-4&#8243; include=&#8220;1660&#8243;][vc_empty_space height=&#8220;12px&#8220;][vc_column_text]Jeden Morgen frisches Brot und Fr\u00fchst\u00fccksgeb\u00e4ck. Tragen Sie Ihre Bestellung am Vorabend ein. Was gibt es Sch\u00f6neres als ein ausgiebiges Fr\u00fchst\u00fcck![\/vc_column_text][\/vc_column_inner][\/vc_row_inner]<div class=\"text-center btnwrap\"><a class=\"btn btn-huttopia-cta\" href=\"http:\/\/checkout.citykamp.com\/site\/de\/900\" role=\"button\" target=\"\" onclick=\"dataLayer.push({'event':'clickCity', 'clickText':'Ihren Aufenthalt buchen'})\">Ihren Aufenthalt buchen<\/a><\/div><\/div>[\/vc_column][\/vc_row][vc_row css=&#8220;.vc_custom_1519145580671{background-color: #e8e8e8 !important;}&#8220;][vc_column]<div class=\"wrappedcontent\">[vc_column_text]<\/p>\n<h4 style=\"text-align: center;\">&#8211; Andere Dienstleistungen auf dem Campingplatz &#8211;<\/h4>\n<p>[\/vc_column_text][vc_empty_space height=&#8220;50px&#8220;][vc_column_text]<\/p>\n<ul>\n<li>Ein Servicebereich f\u00fcr Wohnmobile befindet sich am Eingang des Campingplatzes (kostenlos mit Ihrem Stellplatz).<\/li>\n<li>Waschsalon mit Waschmaschine und Trockner<\/li>\n<li>K\u00fchlschrank* und Gartengrill* k\u00f6nnen ausgeliehen werden<br \/>\n* Vermietung nach Verf\u00fcgbarkeit<\/li>\n<\/ul>\n<p>[\/vc_column_text]<\/div>[\/vc_column][\/vc_row][vc_row css=&#8220;.vc_custom_1519220431434{background-color: #ffffff !important;}&#8220;][vc_column]<div class=\"wrappedcontent\">[vc_column_text]<\/p>\n<h4 style=\"text-align: center;\">&#8211; In der N\u00e4he des Campingplatzes finden Sie alle Dienstleistungen f\u00fcr einen gelungenen Aufenthalt\u00a0&#8211;<\/h4>\n<p>[\/vc_column_text][vc_empty_space height=&#8220;50px&#8220;][vc_column_text]<\/p>\n<ul>\n<li>Einkaufszentrum<\/li>\n<li>Tankstelle<\/li>\n<li>Gesch\u00e4fte<\/li>\n<li>Bank<\/li>\n<li>Bushaltestelle am Platzeingang: von hier aus erreichen Sie das Stadtzentrum Colmars mit der Linie 1 und A.<\/li>\n<\/ul>\n<p>[\/vc_column_text][vc_empty_space height=&#8220;50&#8243;][vc_row_inner equal_height=&#8220;yes&#8220; content_placement=&#8220;middle&#8220; gap=&#8220;20&#8243; css=&#8220;.vc_custom_1526984606057{margin-left: -0.5px !important;}&#8220;][vc_column_inner width=&#8220;1\/3&#8243; css=&#8220;.vc_custom_1526985143481{background-color: #e8e8e8 !important;}&#8220;][vc_icon icon_fontawesome=&#8220;far fa-map&#8220; color=&#8220;custom&#8220; size=&#8220;lg&#8220; align=&#8220;center&#8220; css=&#8220;.vc_custom_1675942552813{margin-bottom: -10px !important;padding-top: 15px !important;}&#8220; custom_color=&#8220;#e84e1b&#8220; link=&#8220;url:https%3A%2F%2Fmedia.huttopia.com%2Fdestinations%2Fcolmar%2Fplan-camping-citykamp-colmar.pdf|target:_blank&#8220;][vc_column_text css=&#8220;.vc_custom_1675942568494{padding-top: 25px !important;padding-right: 15px !important;padding-bottom: 15px !important;padding-left: 15px !important;}&#8220;]<\/p>\n<p style=\"text-align: center;\"><a href=\"https:\/\/media.huttopia.com\/destinations\/colmar\/plan-camping-citykamp-colmar.pdf\" target=\"_blank\" rel=\"noopener noreferrer\"><strong>Platzplan<\/strong><\/a><\/p>\n<p>[\/vc_column_text][\/vc_column_inner][vc_column_inner width=&#8220;1\/3&#8243; css=&#8220;.vc_custom_1526985150011{background-color: #e8e8e8 !important;}&#8220;][vc_icon icon_fontawesome=&#8220;fa fa-calendar-check-o&#8220; color=&#8220;custom&#8220; size=&#8220;lg&#8220; align=&#8220;center&#8220; css=&#8220;.vc_custom_1526986444473{margin-bottom: -10px !important;padding-top: 15px !important;}&#8220; custom_color=&#8220;#e84e1b&#8220; link=&#8220;url:http%3A%2F%2Fcheckout.citykamp.com%2Fsite%2Fde%2F900||target:%20_blank|&#8220;][vc_column_text css=&#8220;.vc_custom_1526986431555{padding-top: 25px !important;padding-right: 15px !important;padding-bottom: 15px !important;padding-left: 15px !important;}&#8220;]<\/p>\n<p style=\"text-align: center;\"><a href=\"http:\/\/checkout.citykamp.com\/site\/de\/900\" target=\"_blank\" rel=\"noopener noreferrer\"><strong>Ihren Aufenthalt buchen<\/strong><\/a><\/p>\n<p>[\/vc_column_text][\/vc_column_inner][vc_column_inner width=&#8220;1\/3&#8243; css=&#8220;.vc_custom_1526985156459{background-color: #e8e8e8 !important;}&#8220;][vc_icon icon_fontawesome=&#8220;fa fa-map-marker&#8220; color=&#8220;custom&#8220; size=&#8220;lg&#8220; align=&#8220;center&#8220; css=&#8220;.vc_custom_1526984857582{margin-bottom: -10px !important;padding-top: 15px !important;}&#8220; custom_color=&#8220;#e84e1b&#8220; link=&#8220;url:https%3A%2F%2Fgoo.gl%2Fmaps%2FeC9ymUXFz592||target:%20_blank|&#8220;][vc_column_text css=&#8220;.vc_custom_1526986460906{padding-top: 25px !important;padding-right: 15px !important;padding-bottom: 15px !important;padding-left: 15px !important;}&#8220;]<\/p>\n<p style=\"text-align: center;\"><a href=\"https:\/\/goo.gl\/maps\/eC9ymUXFz592\" target=\"_blank\" rel=\"noopener noreferrer\"><strong>Reiseroute<\/strong><\/a><\/p>\n<p>[\/vc_column_text][\/vc_column_inner][\/vc_row_inner]<\/div>[\/vc_column][\/vc_row][vc_row css=&#8220;.vc_custom_1526984569419{background-color: #e8e8e8 !important;}&#8220;][vc_column]<div class=\"wrappedcontent\">[vc_column_text]<\/p>\n<h4>Fotos der Aktivit\u00e4ten und Dienstleistungen auf dem Camping de l&#8217;Ill Colmar<\/h4>\n<p>[\/vc_column_text][vc_empty_space height=&#8220;18px&#8220;][vc_masonry_media_grid style=&#8220;load-more&#8220; items_per_page=&#8220;4&#8243; element_width=&#8220;3&#8243; gap=&#8220;10&#8243; item=&#8220;613&#8243; btn_title=&#8220;MEHR&#8220; btn_style=&#8220;custom&#8220; btn_custom_background=&#8220;#e84e1b&#8220; btn_custom_text=&#8220;#ffffff&#8220; btn_shape=&#8220;square&#8220; btn_i_icon_fontawesome=&#8220;fa fa-camera&#8220; btn_add_icon=&#8220;true&#8220; grid_id=&#8220;vc_gid:1776070683158-8f006198-8031-7&#8243; include=&#8220;1668,1672,1676,1664,1680,1684,1688,1692,1696,1700,1704,1708,1159,1168,1174,1150,1156,1162,1165,2019,2015,3088,3084,3080,3076,3072,3068&#8243;]<\/div>[\/vc_column][\/vc_row]<\/p>\n<\/div>","protected":false},"excerpt":{"rendered":"<p>[vc_row][vc_column][vc_single_image image=&#8220;2993&#8243; img_size=&#8220;1900&#215;500&#8243;][\/vc_column][\/vc_row][vc_row][vc_column][\/vc_column][\/vc_row][vc_row css=&#8220;.vc_custom_1519145580671{background-color: #e8e8e8 !important;}&#8220;][vc_column][\/vc_column][\/vc_row][vc_row][vc_column][\/vc_column][\/vc_row][vc_row css=&#8220;.vc_custom_1519145580671{background-color: #e8e8e8 !important;}&#8220;][vc_column][\/vc_column][\/vc_row][vc_row css=&#8220;.vc_custom_1519220431434{background-color: #ffffff !important;}&#8220;][vc_column][\/vc_column][\/vc_row][vc_row css=&#8220;.vc_custom_1526984569419{background-color: #e8e8e8 !important;}&#8220;][vc_column][\/vc_column][\/vc_row]<\/p>\n","protected":false},"author":1,"featured_media":0,"parent":0,"menu_order":0,"comment_status":"closed","ping_status":"closed","template":"","meta":{"footnotes":""},"class_list":["post-405","page","type-page","status-publish","hentry"],"yoast_head":"<!-- This site is optimized with the Yoast SEO plugin v25.6 - https:\/\/yoast.com\/wordpress\/plugins\/seo\/ -->\n<title>Aktivit\u00e4ten und Dienstleistungen - Camping de l&#039;Ill - Colmar<\/title>\n<meta name=\"description\" content=\"Sie profitieren von die vielen Einrichtungen und Aktivit\u00e4ten des Campingplatzes Ill - Colmar f\u00fcr einen Aufenthalt zwischen Entspannung und Freizeit.\" \/>\n<meta name=\"robots\" content=\"index, follow, max-snippet:-1, max-image-preview:large, max-video-preview:-1\" \/>\n<link rel=\"canonical\" href=\"https:\/\/www.campingdelill.fr\/de\/aktivitaten-dienstleistungen\/\" \/>\n<meta property=\"og:locale\" content=\"de_DE\" \/>\n<meta property=\"og:type\" content=\"article\" \/>\n<meta property=\"og:title\" content=\"Aktivit\u00e4ten und Dienstleistungen - Camping de l&#039;Ill - Colmar\" \/>\n<meta property=\"og:description\" content=\"Sie profitieren von die vielen Einrichtungen und Aktivit\u00e4ten des Campingplatzes Ill - Colmar f\u00fcr einen Aufenthalt zwischen Entspannung und Freizeit.\" \/>\n<meta property=\"og:url\" content=\"https:\/\/www.campingdelill.fr\/de\/aktivitaten-dienstleistungen\/\" \/>\n<meta property=\"og:site_name\" content=\"Camping de Colmar\" \/>\n<meta property=\"article:modified_time\" content=\"2026-04-13T08:58:10+00:00\" \/>\n<meta name=\"twitter:card\" content=\"summary_large_image\" \/>\n<meta name=\"twitter:label1\" content=\"Est. reading time\" \/>\n\t<meta name=\"twitter:data1\" content=\"3 Minuten\" \/>\n<script type=\"application\/ld+json\" class=\"yoast-schema-graph\">{\"@context\":\"https:\/\/schema.org\",\"@graph\":[{\"@type\":\"WebPage\",\"@id\":\"https:\/\/www.campingdelill.fr\/de\/aktivitaten-dienstleistungen\/\",\"url\":\"https:\/\/www.campingdelill.fr\/de\/aktivitaten-dienstleistungen\/\",\"name\":\"Aktivit\u00e4ten und Dienstleistungen - Camping de l'Ill - Colmar\",\"isPartOf\":{\"@id\":\"https:\/\/www.campingdelill.fr\/de\/#website\"},\"datePublished\":\"2018-02-20T15:45:10+00:00\",\"dateModified\":\"2026-04-13T08:58:10+00:00\",\"description\":\"Sie profitieren von die vielen Einrichtungen und Aktivit\u00e4ten des Campingplatzes Ill - Colmar f\u00fcr einen Aufenthalt zwischen Entspannung und Freizeit.\",\"breadcrumb\":{\"@id\":\"https:\/\/www.campingdelill.fr\/de\/aktivitaten-dienstleistungen\/#breadcrumb\"},\"inLanguage\":\"de-DE\",\"potentialAction\":[{\"@type\":\"ReadAction\",\"target\":[\"https:\/\/www.campingdelill.fr\/de\/aktivitaten-dienstleistungen\/\"]}]},{\"@type\":\"BreadcrumbList\",\"@id\":\"https:\/\/www.campingdelill.fr\/de\/aktivitaten-dienstleistungen\/#breadcrumb\",\"itemListElement\":[{\"@type\":\"ListItem\",\"position\":1,\"name\":\"Accueil\",\"item\":\"https:\/\/www.campingdelill.fr\/de\/\"},{\"@type\":\"ListItem\",\"position\":2,\"name\":\"Activit\u00e9s \/ Services\"}]},{\"@type\":\"WebSite\",\"@id\":\"https:\/\/www.campingdelill.fr\/de\/#website\",\"url\":\"https:\/\/www.campingdelill.fr\/de\/\",\"name\":\"Camping de Colmar\",\"description\":\"Un site utilisant Citykamp\",\"potentialAction\":[{\"@type\":\"SearchAction\",\"target\":{\"@type\":\"EntryPoint\",\"urlTemplate\":\"https:\/\/www.campingdelill.fr\/de\/?s={search_term_string}\"},\"query-input\":{\"@type\":\"PropertyValueSpecification\",\"valueRequired\":true,\"valueName\":\"search_term_string\"}}],\"inLanguage\":\"de-DE\"}]}<\/script>\n<!-- \/ Yoast SEO plugin. -->","yoast_head_json":{"title":"Aktivit\u00e4ten und Dienstleistungen - Camping de l'Ill - Colmar","description":"Sie profitieren von die vielen Einrichtungen und Aktivit\u00e4ten des Campingplatzes Ill - Colmar f\u00fcr einen Aufenthalt zwischen Entspannung und Freizeit.","robots":{"index":"index","follow":"follow","max-snippet":"max-snippet:-1","max-image-preview":"max-image-preview:large","max-video-preview":"max-video-preview:-1"},"canonical":"https:\/\/www.campingdelill.fr\/de\/aktivitaten-dienstleistungen\/","og_locale":"de_DE","og_type":"article","og_title":"Aktivit\u00e4ten und Dienstleistungen - Camping de l'Ill - Colmar","og_description":"Sie profitieren von die vielen Einrichtungen und Aktivit\u00e4ten des Campingplatzes Ill - Colmar f\u00fcr einen Aufenthalt zwischen Entspannung und Freizeit.","og_url":"https:\/\/www.campingdelill.fr\/de\/aktivitaten-dienstleistungen\/","og_site_name":"Camping de Colmar","article_modified_time":"2026-04-13T08:58:10+00:00","twitter_card":"summary_large_image","twitter_misc":{"Est. reading time":"3 Minuten"},"schema":{"@context":"https:\/\/schema.org","@graph":[{"@type":"WebPage","@id":"https:\/\/www.campingdelill.fr\/de\/aktivitaten-dienstleistungen\/","url":"https:\/\/www.campingdelill.fr\/de\/aktivitaten-dienstleistungen\/","name":"Aktivit\u00e4ten und Dienstleistungen - Camping de l'Ill - Colmar","isPartOf":{"@id":"https:\/\/www.campingdelill.fr\/de\/#website"},"datePublished":"2018-02-20T15:45:10+00:00","dateModified":"2026-04-13T08:58:10+00:00","description":"Sie profitieren von die vielen Einrichtungen und Aktivit\u00e4ten des Campingplatzes Ill - Colmar f\u00fcr einen Aufenthalt zwischen Entspannung und Freizeit.","breadcrumb":{"@id":"https:\/\/www.campingdelill.fr\/de\/aktivitaten-dienstleistungen\/#breadcrumb"},"inLanguage":"de-DE","potentialAction":[{"@type":"ReadAction","target":["https:\/\/www.campingdelill.fr\/de\/aktivitaten-dienstleistungen\/"]}]},{"@type":"BreadcrumbList","@id":"https:\/\/www.campingdelill.fr\/de\/aktivitaten-dienstleistungen\/#breadcrumb","itemListElement":[{"@type":"ListItem","position":1,"name":"Accueil","item":"https:\/\/www.campingdelill.fr\/de\/"},{"@type":"ListItem","position":2,"name":"Activit\u00e9s \/ Services"}]},{"@type":"WebSite","@id":"https:\/\/www.campingdelill.fr\/de\/#website","url":"https:\/\/www.campingdelill.fr\/de\/","name":"Camping de Colmar","description":"Un site utilisant Citykamp","potentialAction":[{"@type":"SearchAction","target":{"@type":"EntryPoint","urlTemplate":"https:\/\/www.campingdelill.fr\/de\/?s={search_term_string}"},"query-input":{"@type":"PropertyValueSpecification","valueRequired":true,"valueName":"search_term_string"}}],"inLanguage":"de-DE"}]}},"_links":{"self":[{"href":"https:\/\/www.campingdelill.fr\/de\/wp-json\/wp\/v2\/pages\/405","targetHints":{"allow":["GET"]}}],"collection":[{"href":"https:\/\/www.campingdelill.fr\/de\/wp-json\/wp\/v2\/pages"}],"about":[{"href":"https:\/\/www.campingdelill.fr\/de\/wp-json\/wp\/v2\/types\/page"}],"author":[{"embeddable":true,"href":"https:\/\/www.campingdelill.fr\/de\/wp-json\/wp\/v2\/users\/1"}],"replies":[{"embeddable":true,"href":"https:\/\/www.campingdelill.fr\/de\/wp-json\/wp\/v2\/comments?post=405"}],"version-history":[{"count":5,"href":"https:\/\/www.campingdelill.fr\/de\/wp-json\/wp\/v2\/pages\/405\/revisions"}],"predecessor-version":[{"id":3923,"href":"https:\/\/www.campingdelill.fr\/de\/wp-json\/wp\/v2\/pages\/405\/revisions\/3923"}],"wp:attachment":[{"href":"https:\/\/www.campingdelill.fr\/de\/wp-json\/wp\/v2\/media?parent=405"}],"curies":[{"name":"wp","href":"https:\/\/api.w.org\/{rel}","templated":true}]}}