{"id":407,"date":"2018-02-20T16:37:32","date_gmt":"2018-02-20T15:37:32","guid":{"rendered":"http:\/\/www.citykamp.com\/colmar\/de\/emplacements\/"},"modified":"2024-03-27T09:34:46","modified_gmt":"2024-03-27T08:34:46","slug":"stellplatze","status":"publish","type":"page","link":"https:\/\/www.campingdelill.fr\/de\/stellplatze\/","title":{"rendered":"Emplacements"},"content":{"rendered":"<div class=\"wpb-content-wrapper\"><p>[vc_row][vc_column][vc_single_image image=&#8220;3630&#8243; img_size=&#8220;1900&#215;500&#8243;][\/vc_column][\/vc_row][vc_row][vc_column]<div class=\"wrappedcontent\">[vc_column_text]<\/p>\n<h3>Camping auf einem wundersch\u00f6nen Campingplatz, in Colmar&#8230;<\/h3>\n<p>Der Camping de L&#8217;Ill &#8211; Colmar ist nahe des Zentrums von Colmar gelegen, die als &#8222;Stadt der Kunst und Geschichte&#8220; gilt. Hier finden Sie 163 Stellpl\u00e4tze auf einer 5 ha gro\u00dfen Anlage direkt am Flussufer der Ill. Der Camping De L&#8217;Ill &#8211; Colmar ist ein sch\u00f6ner Ausgangspunkt, um Colmar zu besichtigen und die Natur des Elsass zu genie\u00dfen.[\/vc_column_text][vc_row_inner gap=&#8220;35&#8243;][vc_column_inner width=&#8220;1\/2&#8243;][vc_masonry_media_grid element_width=&#8220;12&#8243; gap=&#8220;0&#8243; item=&#8220;71&#8243; grid_id=&#8220;vc_gid:1711528457678-85d39996-055c-4&#8243; include=&#8220;2920&#8243;][vc_column_text css=&#8220;.vc_custom_1669286078994{padding-bottom: 20px !important;}&#8220;]<\/p>\n<p style=\"text-align: center;\"><span style=\"color: #e84e1b;\"><strong><span style=\"font-size: 18pt;\">Die Stellpl\u00e4tze<\/span><\/strong><\/span><\/p>\n<p>[\/vc_column_text][vc_column_text]<\/p>\n<p style=\"text-align: center;\">Die Stellpl\u00e4tze f\u00fcr Wohnwagen, Wohnmobile und Zelte sind leicht zug\u00e4nglich und befinden sich in einem sch\u00f6nen nat\u00fcrlichen Rahmen. Sie sind von April bis Anfang Januar buchbar.<\/p>\n<p>[\/vc_column_text][\/vc_column_inner][vc_column_inner width=&#8220;1\/2&#8243;][vc_masonry_media_grid element_width=&#8220;12&#8243; gap=&#8220;0&#8243; item=&#8220;71&#8243; grid_id=&#8220;vc_gid:1711528457679-71d9b763-c8f6-3&#8243; include=&#8220;3625&#8243;][vc_column_text css=&#8220;.vc_custom_1669286086957{padding-bottom: 20px !important;}&#8220;]<\/p>\n<p style=\"text-align: center;\"><span style=\"color: #e84e1b;\"><strong><span style=\"font-size: 18pt;\">Die Wohnmobile<\/span><\/strong><\/span><\/p>\n<p>[\/vc_column_text][vc_column_text]<\/p>\n<p style=\"text-align: center;\">Am Eingang des Campingplatzes befindet sich ein Wohnmobilstellplatz.<\/p>\n<p>[\/vc_column_text][\/vc_column_inner][\/vc_row_inner]<div class=\"text-center btnwrap\"><a class=\"btn btn-huttopia-cta\" href=\"http:\/\/checkout.citykamp.com\/site\/de\/900\" role=\"button\" target=\"\" onclick=\"dataLayer.push({'event':'clickCity', 'clickText':'Ihren Aufenthalt buchen'})\">Ihren Aufenthalt buchen<\/a><\/div>[vc_empty_space][vc_separator color=&#8220;custom&#8220; el_width=&#8220;90&#8243; accent_color=&#8220;#e84e1b&#8220;][vc_empty_space][vc_row_inner equal_height=&#8220;yes&#8220; gap=&#8220;30&#8243; css=&#8220;.vc_custom_1678889530060{margin-left: -0.5px !important;background-color: rgba(232,78,27,0.2) !important;*background-color: rgb(232,78,27) !important;}&#8220;][vc_column_inner width=&#8220;1\/4&#8243;][vc_single_image image=&#8220;3333&#8243; img_size=&#8220;600*500&#8243; alignment=&#8220;center&#8220;][\/vc_column_inner][vc_column_inner width=&#8220;3\/4&#8243;][vc_column_text]<\/p>\n<h2><span style=\"color: #e94e1b;\">CAMPING CARD<\/span><\/h2>\n<p><span style=\"font-size: 12pt;\">Campen Sie ab <span style=\"color: #e84e1b;\"><strong>15\u20ac<\/strong><\/span>* pro \u00dcbernachtung mit der <span style=\"color: #e94e1b;\"><a style=\"color: #e94e1b;\" href=\"https:\/\/www.citykamp.com\/de\/camping-card\/\"><span style=\"text-decoration: underline;\">Camping Card<\/span><\/a><\/span>\u00a0Huttopia.<\/span><br \/>\n<span style=\"font-size: 12pt;\">Profitieren Sie von reduzierten Preisen und Gratis\u00fcbernachtungen in der Vor- und Nachsaison auf allen <span style=\"text-decoration: underline; color: #e94e1b;\"><a style=\"color: #e94e1b; text-decoration: underline;\" href=\"https:\/\/www.citykamp.com\/de\/reiseziele\/\">CityKamp<\/a><\/span> Campingpl\u00e4tzen, <span style=\"text-decoration: underline; color: #e94e1b;\"><a style=\"color: #e94e1b; text-decoration: underline;\" href=\"https:\/\/www.onlycamp.fr\/en\/\">Onlycamp<\/a><\/span> en <span style=\"text-decoration: underline; color: #e94e1b;\"><a style=\"color: #e94e1b; text-decoration: underline;\" href=\"https:\/\/europe.huttopia.com\/de\/destinations\/campings\/\">Huttopia Campingpl\u00e4tzen<\/a><\/span>.<\/span><\/p>\n<p><em><span style=\"font-size: 10pt;\">*Preis beinhaltet 1 Stellplatz f\u00fcr 2 Personen mit Stromanschluss (+ Haustier gratis)<\/span><\/em>[\/vc_column_text]<div class=\" btnwrap\"><a class=\"btn btn-huttopia-cta\" href=\"https:\/\/www.citykamp.com\/de\/camping-card\/\" role=\"button\" target=\"true\" onclick=\"dataLayer.push({'event':'clickCity', 'clickText':'MEHR ERFAHREN'})\">MEHR ERFAHREN<\/a><\/div>[\/vc_column_inner][\/vc_row_inner][vc_empty_space][vc_separator color=&#8220;custom&#8220; el_width=&#8220;90&#8243; accent_color=&#8220;#e84e1b&#8220;]<\/div>[\/vc_column][\/vc_row][vc_row css=&#8220;.vc_custom_1519143227221{background-color: #e8e8e8 !important;}&#8220;][vc_column]<div class=\"wrappedcontent\">[vc_row_inner gap=&#8220;20&#8243;][vc_column_inner width=&#8220;1\/2&#8243;][vc_column_text]<\/p>\n<h4>Sanit\u00e4ranlagen<\/h4>\n<p>Der Camping de L&#8217;Ill &#8211; Colmar verf\u00fcgt \u00fcber 3 sanit\u00e4re Anlagen (von denen 2 beheizt sind). Sie bieten Platz f\u00fcr Familien und sind behindertengerecht ausgestattet.[\/vc_column_text][\/vc_column_inner][vc_column_inner width=&#8220;1\/2&#8243;][vc_masonry_media_grid element_width=&#8220;6&#8243; gap=&#8220;10&#8243; item=&#8220;97&#8243; grid_id=&#8220;vc_gid:1711528457682-25c3c5c2-16a9-6&#8243; include=&#8220;1502,1498&#8243;][\/vc_column_inner][\/vc_row_inner]<\/div>[\/vc_column][\/vc_row][vc_row][vc_column]<div class=\"wrappedcontent\">[vc_column_text]<\/p>\n<h4>Serviceangebote f\u00fcr Camper<\/h4>\n<ul>\n<li>K\u00fchlschrankmiete<\/li>\n<li>Grillmiete<\/li>\n<li>Fahrradverleih<\/li>\n<\/ul>\n<p>[\/vc_column_text][vc_empty_space height=&#8220;40px&#8220;][vc_row_inner equal_height=&#8220;yes&#8220; content_placement=&#8220;middle&#8220; gap=&#8220;20&#8243; css=&#8220;.vc_custom_1526984606057{margin-left: -0.5px !important;}&#8220;][vc_column_inner width=&#8220;1\/3&#8243; css=&#8220;.vc_custom_1526985143481{background-color: #e8e8e8 !important;}&#8220;][vc_icon icon_fontawesome=&#8220;far fa-map&#8220; color=&#8220;custom&#8220; size=&#8220;lg&#8220; align=&#8220;center&#8220; custom_color=&#8220;#e84e1b&#8220; link=&#8220;url:https%3A%2F%2Fmedia.huttopia.com%2Fdestinations%2Fcolmar%2Fplan-camping-citykamp-colmar.pdf|target:_blank&#8220; css=&#8220;.vc_custom_1675948549081{margin-bottom: -10px !important;padding-top: 15px !important;}&#8220;][vc_column_text css=&#8220;.vc_custom_1675948580163{padding-top: 25px !important;padding-right: 15px !important;padding-bottom: 15px !important;padding-left: 15px !important;}&#8220;]<\/p>\n<p style=\"text-align: center;\"><a href=\"https:\/\/media.huttopia.com\/destinations\/colmar\/plan-camping-citykamp-colmar.pdf\" target=\"_blank\" rel=\"noopener noreferrer\"><strong>Platzplan<\/strong><\/a><\/p>\n<p>[\/vc_column_text][\/vc_column_inner][vc_column_inner width=&#8220;1\/3&#8243; css=&#8220;.vc_custom_1526985150011{background-color: #e8e8e8 !important;}&#8220;][vc_icon icon_fontawesome=&#8220;fa fa-calendar-check-o&#8220; color=&#8220;custom&#8220; size=&#8220;lg&#8220; align=&#8220;center&#8220; custom_color=&#8220;#e84e1b&#8220; link=&#8220;url:http%3A%2F%2Fcheckout.citykamp.com%2Fsite%2Fde%2F900||target:%20_blank|&#8220; css=&#8220;.vc_custom_1526986444473{margin-bottom: -10px !important;padding-top: 15px !important;}&#8220;][vc_column_text css=&#8220;.vc_custom_1526986431555{padding-top: 25px !important;padding-right: 15px !important;padding-bottom: 15px !important;padding-left: 15px !important;}&#8220;]<\/p>\n<p style=\"text-align: center;\"><a href=\"http:\/\/checkout.citykamp.com\/site\/de\/900\" target=\"_blank\" rel=\"noopener noreferrer\"><strong>Ihren Aufenthalt buchen<\/strong><\/a><\/p>\n<p>[\/vc_column_text][\/vc_column_inner][vc_column_inner width=&#8220;1\/3&#8243; css=&#8220;.vc_custom_1526985156459{background-color: #e8e8e8 !important;}&#8220;][vc_icon icon_fontawesome=&#8220;fa fa-map-marker&#8220; color=&#8220;custom&#8220; size=&#8220;lg&#8220; align=&#8220;center&#8220; custom_color=&#8220;#e84e1b&#8220; link=&#8220;url:https%3A%2F%2Fgoo.gl%2Fmaps%2FeC9ymUXFz592||target:%20_blank|&#8220; css=&#8220;.vc_custom_1526984857582{margin-bottom: -10px !important;padding-top: 15px !important;}&#8220;][vc_column_text css=&#8220;.vc_custom_1526986460906{padding-top: 25px !important;padding-right: 15px !important;padding-bottom: 15px !important;padding-left: 15px !important;}&#8220;]<\/p>\n<p style=\"text-align: center;\"><a href=\"https:\/\/goo.gl\/maps\/eC9ymUXFz592\" target=\"_blank\" rel=\"noopener noreferrer\"><strong>Reiseroute<\/strong><\/a><\/p>\n<p>[\/vc_column_text][\/vc_column_inner][\/vc_row_inner]<\/div>[\/vc_column][\/vc_row][vc_row css=&#8220;.vc_custom_1526986498028{background-color: #e8e8e8 !important;}&#8220;][vc_column]<div class=\"wrappedcontent\">[vc_column_text]<\/p>\n<h4>Fotos der Stellpl\u00e4tze in Horbourg-Wihr<\/h4>\n<p>[\/vc_column_text][vc_empty_space height=&#8220;18px&#8220;][vc_masonry_media_grid style=&#8220;load-more&#8220; items_per_page=&#8220;4&#8243; element_width=&#8220;3&#8243; gap=&#8220;10&#8243; item=&#8220;613&#8243; btn_title=&#8220;MEHR&#8220; btn_style=&#8220;custom&#8220; btn_custom_background=&#8220;#e84e1b&#8220; btn_custom_text=&#8220;#ffffff&#8220; btn_shape=&#8220;square&#8220; btn_i_icon_fontawesome=&#8220;fa fa-camera&#8220; btn_add_icon=&#8220;true&#8220; grid_id=&#8220;vc_gid:1711528457685-86ffa8c3-5334-2&#8243; include=&#8220;1506,1510,1514,1518,1494,1522,1498,1502,1105,1099,1102,1090,1096,1093,1087&#8243;]<\/div>[\/vc_column][\/vc_row]<\/p>\n<\/div>","protected":false},"excerpt":{"rendered":"<p>[vc_row][vc_column][vc_single_image image=&#8220;3630&#8243; img_size=&#8220;1900&#215;500&#8243;][\/vc_column][\/vc_row][vc_row][vc_column][\/vc_column][\/vc_row][vc_row css=&#8220;.vc_custom_1519143227221{background-color: #e8e8e8 !important;}&#8220;][vc_column][\/vc_column][\/vc_row][vc_row][vc_column][\/vc_column][\/vc_row][vc_row css=&#8220;.vc_custom_1526986498028{background-color: #e8e8e8 !important;}&#8220;][vc_column][\/vc_column][\/vc_row]<\/p>\n","protected":false},"author":1,"featured_media":0,"parent":0,"menu_order":0,"comment_status":"closed","ping_status":"closed","template":"","meta":{"footnotes":""},"class_list":["post-407","page","type-page","status-publish","hentry"],"yoast_head":"<!-- This site is optimized with the Yoast SEO plugin v25.6 - https:\/\/yoast.com\/wordpress\/plugins\/seo\/ -->\n<title>Campen Sie auf sch\u00f6nen und gro\u00dfen Stellpl\u00e4tze - Camping de l&#039;Ill - Colmar<\/title>\n<meta name=\"description\" content=\"Auf dem Campingplatz Ill-Colmar campieren Sie auf sch\u00f6nen Stellpl\u00e4tzen, schattig oder sonnig, in einer wundersch\u00f6nen Naturlandschaft am Fluss Ill. Genie\u00dfen Sie hochwertige Dienstleistungen und Annehmlichkeiten.\" \/>\n<meta name=\"robots\" content=\"index, follow, max-snippet:-1, max-image-preview:large, max-video-preview:-1\" \/>\n<link rel=\"canonical\" href=\"https:\/\/www.campingdelill.fr\/de\/stellplatze\/\" \/>\n<meta property=\"og:locale\" content=\"de_DE\" \/>\n<meta property=\"og:type\" content=\"article\" \/>\n<meta property=\"og:title\" content=\"Campen Sie auf sch\u00f6nen und gro\u00dfen Stellpl\u00e4tze - Camping de l&#039;Ill - Colmar\" \/>\n<meta property=\"og:description\" content=\"Auf dem Campingplatz Ill-Colmar campieren Sie auf sch\u00f6nen Stellpl\u00e4tzen, schattig oder sonnig, in einer wundersch\u00f6nen Naturlandschaft am Fluss Ill. Genie\u00dfen Sie hochwertige Dienstleistungen und Annehmlichkeiten.\" \/>\n<meta property=\"og:url\" content=\"https:\/\/www.campingdelill.fr\/de\/stellplatze\/\" \/>\n<meta property=\"og:site_name\" content=\"Camping de Colmar\" \/>\n<meta property=\"article:modified_time\" content=\"2024-03-27T08:34:46+00:00\" \/>\n<meta name=\"twitter:card\" content=\"summary_large_image\" \/>\n<meta name=\"twitter:label1\" content=\"Est. reading time\" \/>\n\t<meta name=\"twitter:data1\" content=\"2 Minuten\" \/>\n<script type=\"application\/ld+json\" class=\"yoast-schema-graph\">{\"@context\":\"https:\/\/schema.org\",\"@graph\":[{\"@type\":\"WebPage\",\"@id\":\"https:\/\/www.campingdelill.fr\/de\/stellplatze\/\",\"url\":\"https:\/\/www.campingdelill.fr\/de\/stellplatze\/\",\"name\":\"Campen Sie auf sch\u00f6nen und gro\u00dfen Stellpl\u00e4tze - Camping de l'Ill - Colmar\",\"isPartOf\":{\"@id\":\"https:\/\/www.campingdelill.fr\/de\/#website\"},\"datePublished\":\"2018-02-20T15:37:32+00:00\",\"dateModified\":\"2024-03-27T08:34:46+00:00\",\"description\":\"Auf dem Campingplatz Ill-Colmar campieren Sie auf sch\u00f6nen Stellpl\u00e4tzen, schattig oder sonnig, in einer wundersch\u00f6nen Naturlandschaft am Fluss Ill. Genie\u00dfen Sie hochwertige Dienstleistungen und Annehmlichkeiten.\",\"breadcrumb\":{\"@id\":\"https:\/\/www.campingdelill.fr\/de\/stellplatze\/#breadcrumb\"},\"inLanguage\":\"de-DE\",\"potentialAction\":[{\"@type\":\"ReadAction\",\"target\":[\"https:\/\/www.campingdelill.fr\/de\/stellplatze\/\"]}]},{\"@type\":\"BreadcrumbList\",\"@id\":\"https:\/\/www.campingdelill.fr\/de\/stellplatze\/#breadcrumb\",\"itemListElement\":[{\"@type\":\"ListItem\",\"position\":1,\"name\":\"Accueil\",\"item\":\"https:\/\/www.campingdelill.fr\/de\/\"},{\"@type\":\"ListItem\",\"position\":2,\"name\":\"Emplacements\"}]},{\"@type\":\"WebSite\",\"@id\":\"https:\/\/www.campingdelill.fr\/de\/#website\",\"url\":\"https:\/\/www.campingdelill.fr\/de\/\",\"name\":\"Camping de Colmar\",\"description\":\"Un site utilisant Citykamp\",\"potentialAction\":[{\"@type\":\"SearchAction\",\"target\":{\"@type\":\"EntryPoint\",\"urlTemplate\":\"https:\/\/www.campingdelill.fr\/de\/?s={search_term_string}\"},\"query-input\":{\"@type\":\"PropertyValueSpecification\",\"valueRequired\":true,\"valueName\":\"search_term_string\"}}],\"inLanguage\":\"de-DE\"}]}<\/script>\n<!-- \/ Yoast SEO plugin. -->","yoast_head_json":{"title":"Campen Sie auf sch\u00f6nen und gro\u00dfen Stellpl\u00e4tze - Camping de l'Ill - Colmar","description":"Auf dem Campingplatz Ill-Colmar campieren Sie auf sch\u00f6nen Stellpl\u00e4tzen, schattig oder sonnig, in einer wundersch\u00f6nen Naturlandschaft am Fluss Ill. Genie\u00dfen Sie hochwertige Dienstleistungen und Annehmlichkeiten.","robots":{"index":"index","follow":"follow","max-snippet":"max-snippet:-1","max-image-preview":"max-image-preview:large","max-video-preview":"max-video-preview:-1"},"canonical":"https:\/\/www.campingdelill.fr\/de\/stellplatze\/","og_locale":"de_DE","og_type":"article","og_title":"Campen Sie auf sch\u00f6nen und gro\u00dfen Stellpl\u00e4tze - Camping de l'Ill - Colmar","og_description":"Auf dem Campingplatz Ill-Colmar campieren Sie auf sch\u00f6nen Stellpl\u00e4tzen, schattig oder sonnig, in einer wundersch\u00f6nen Naturlandschaft am Fluss Ill. Genie\u00dfen Sie hochwertige Dienstleistungen und Annehmlichkeiten.","og_url":"https:\/\/www.campingdelill.fr\/de\/stellplatze\/","og_site_name":"Camping de Colmar","article_modified_time":"2024-03-27T08:34:46+00:00","twitter_card":"summary_large_image","twitter_misc":{"Est. reading time":"2 Minuten"},"schema":{"@context":"https:\/\/schema.org","@graph":[{"@type":"WebPage","@id":"https:\/\/www.campingdelill.fr\/de\/stellplatze\/","url":"https:\/\/www.campingdelill.fr\/de\/stellplatze\/","name":"Campen Sie auf sch\u00f6nen und gro\u00dfen Stellpl\u00e4tze - Camping de l'Ill - Colmar","isPartOf":{"@id":"https:\/\/www.campingdelill.fr\/de\/#website"},"datePublished":"2018-02-20T15:37:32+00:00","dateModified":"2024-03-27T08:34:46+00:00","description":"Auf dem Campingplatz Ill-Colmar campieren Sie auf sch\u00f6nen Stellpl\u00e4tzen, schattig oder sonnig, in einer wundersch\u00f6nen Naturlandschaft am Fluss Ill. Genie\u00dfen Sie hochwertige Dienstleistungen und Annehmlichkeiten.","breadcrumb":{"@id":"https:\/\/www.campingdelill.fr\/de\/stellplatze\/#breadcrumb"},"inLanguage":"de-DE","potentialAction":[{"@type":"ReadAction","target":["https:\/\/www.campingdelill.fr\/de\/stellplatze\/"]}]},{"@type":"BreadcrumbList","@id":"https:\/\/www.campingdelill.fr\/de\/stellplatze\/#breadcrumb","itemListElement":[{"@type":"ListItem","position":1,"name":"Accueil","item":"https:\/\/www.campingdelill.fr\/de\/"},{"@type":"ListItem","position":2,"name":"Emplacements"}]},{"@type":"WebSite","@id":"https:\/\/www.campingdelill.fr\/de\/#website","url":"https:\/\/www.campingdelill.fr\/de\/","name":"Camping de Colmar","description":"Un site utilisant Citykamp","potentialAction":[{"@type":"SearchAction","target":{"@type":"EntryPoint","urlTemplate":"https:\/\/www.campingdelill.fr\/de\/?s={search_term_string}"},"query-input":{"@type":"PropertyValueSpecification","valueRequired":true,"valueName":"search_term_string"}}],"inLanguage":"de-DE"}]}},"_links":{"self":[{"href":"https:\/\/www.campingdelill.fr\/de\/wp-json\/wp\/v2\/pages\/407","targetHints":{"allow":["GET"]}}],"collection":[{"href":"https:\/\/www.campingdelill.fr\/de\/wp-json\/wp\/v2\/pages"}],"about":[{"href":"https:\/\/www.campingdelill.fr\/de\/wp-json\/wp\/v2\/types\/page"}],"author":[{"embeddable":true,"href":"https:\/\/www.campingdelill.fr\/de\/wp-json\/wp\/v2\/users\/1"}],"replies":[{"embeddable":true,"href":"https:\/\/www.campingdelill.fr\/de\/wp-json\/wp\/v2\/comments?post=407"}],"version-history":[{"count":5,"href":"https:\/\/www.campingdelill.fr\/de\/wp-json\/wp\/v2\/pages\/407\/revisions"}],"predecessor-version":[{"id":3687,"href":"https:\/\/www.campingdelill.fr\/de\/wp-json\/wp\/v2\/pages\/407\/revisions\/3687"}],"wp:attachment":[{"href":"https:\/\/www.campingdelill.fr\/de\/wp-json\/wp\/v2\/media?parent=407"}],"curies":[{"name":"wp","href":"https:\/\/api.w.org\/{rel}","templated":true}]}}