{"id":2375,"date":"2018-02-20T16:46:16","date_gmt":"2018-02-20T15:46:16","guid":{"rendered":"https:\/\/www.campingdelill.fr\/professionnels\/"},"modified":"2026-04-13T11:04:32","modified_gmt":"2026-04-13T09:04:32","slug":"professionnels","status":"publish","type":"page","link":"https:\/\/www.campingdelill.fr\/nl\/professionnels\/","title":{"rendered":"Professionnels"},"content":{"rendered":"<div class=\"wpb-content-wrapper\"><p>[vc_row][vc_column][vc_single_image image=&#8221;2187&#8243; img_size=&#8221;1900&#215;500&#8243; alignment=&#8221;center&#8221;][\/vc_column][\/vc_row][vc_row][vc_column]<div class=\"wrappedcontent\">[vc_row_inner equal_height=&#8221;yes&#8221; gap=&#8221;35&#8243; css=&#8221;.vc_custom_1619451921327{margin-left: -0.5px !important;}&#8221;][vc_column_inner][vc_column_text]<\/p>\n<h2 style=\"text-align: center;\"><strong>WELKOM BIJ CAMPING DE COLMAR<\/strong><\/h2>\n<p>[\/vc_column_text][\/vc_column_inner][\/vc_row_inner][vc_row_inner equal_height=&#8221;yes&#8221; gap=&#8221;35&#8243; css=&#8221;.vc_custom_1619451921327{margin-left: -0.5px !important;}&#8221;][vc_column_inner][vc_column_text]<\/p>\n<p style=\"text-align: center;\"><span style=\"font-size: 14pt;\"><strong>De beste prijs-kwaliteitverhouding voor de accommodatie van uw teams!<\/strong><\/span><\/p>\n<p style=\"text-align: center;\"><span style=\"font-size: 14pt;\">Bent u op zoek naar accommodatie-oplossingen voor uw team in de Elzas en de nabije omgeving van Colmar? Camping de l&#8217;Ill &#8211; Colmar biedt u de beste prijs-kwaliteitverhouding voor de accommodatie van uw teams tijdens een zakelijke cursus, een beurs of een bouwproject, zowel voor \u00e9\u00e9n als meerdere nachten.<\/span><\/p>\n<p>[\/vc_column_text][\/vc_column_inner][\/vc_row_inner]<div class=\"text-center btnwrap\"><a class=\"btn btn-huttopia-cta\" href=\"mailto:pros@huttopia.com\" role=\"button\" target=\"\" onclick=\"dataLayer.push({'event':'clickCity', 'clickText':'WE HELPEN U GRAAG BIJ HET ORGANISEREN VAN UW ZAKENREIS'})\">WE HELPEN U GRAAG BIJ HET ORGANISEREN VAN UW ZAKENREIS<\/a><\/div>[vc_empty_space height=&#8221;20px&#8221;][vc_row_inner equal_height=&#8221;yes&#8221; gap=&#8221;35&#8243; css=&#8221;.vc_custom_1617289694959{margin-left: -0.5px !important;background-color: #ffffff !important;}&#8221;][vc_column_inner width=&#8221;1\/2&#8243;][vc_single_image image=&#8221;2191&#8243; img_size=&#8221;600&#215;300&#8243;][\/vc_column_inner][vc_column_inner width=&#8221;1\/2&#8243;][vc_empty_space height=&#8221;25px&#8221;][vc_column_text]<\/p>\n<p style=\"text-align: center;\"><span style=\"font-size: 18pt;\"><strong><span style=\"color: #e84e1b;\">&#8211; VLAKBIJ DE STAD &#8211;<\/span><\/strong><\/span><\/p>\n<p style=\"text-align: center;\"><span style=\"font-size: 14pt;\">Dankzij de ideale ligging van Camping de Colmar bent u binnen no-time in het stadscentrum of bij het Parc d&#8217;Expositions en de verschillende bedrijventerreinen van Colmar. Op 20 km van de Duitse grens, op 40 km van Mulhouse.<\/span><\/p>\n<p>[\/vc_column_text][\/vc_column_inner][\/vc_row_inner][vc_empty_space height=&#8221;20px&#8221;][vc_column_text css=&#8221;&#8221;]<\/p>\n<p style=\"text-align: center;\"><span style=\"color: #e84e1b; font-size: 18pt;\"><strong>&#8211; VOORDELIGE EN COMFORTABELE ACCOMMODATIE-OPLOSSINGEN &#8211;<\/strong><\/span><\/p>\n<p style=\"text-align: center;\"><span style=\"font-size: 14pt;\"><strong>De volledig uitgeruste accommodaties zijn de basis waar uw medewerkers hun eigen gang kunnen gaan.<\/strong><\/span><br \/>\n<span style=\"font-size: 14pt;\">Camping de Colmar biedt uw teams het comfort van een hotel en de keus uit individuele of gedeelde slaapkamers!<\/span><\/p>\n<p>[\/vc_column_text][vc_empty_space][vc_row_inner equal_height=&#8221;yes&#8221; gap=&#8221;25&#8243; css=&#8221;.vc_custom_1617289833593{margin-left: -0.5px !important;}&#8221;][vc_column_inner width=&#8221;1\/2&#8243;][vc_masonry_media_grid element_width=&#8221;12&#8243; gap=&#8221;0&#8243; grid_id=&#8221;vc_gid:1776071022993-4f73f990-813c-9&#8243; include=&#8221;2195&#8243;][vc_empty_space height=&#8221;20px&#8221;][vc_text_separator title=&#8221;CHALET&#8221; color=&#8221;custom&#8221; border_width=&#8221;2&#8243; accent_color=&#8221;#e84e1b&#8221;][\/vc_column_inner][vc_column_inner width=&#8221;1\/2&#8243;][vc_masonry_media_grid element_width=&#8221;12&#8243; gap=&#8221;0&#8243; grid_id=&#8221;vc_gid:1776071022993-5a39acf6-5937-7&#8243; include=&#8221;2199&#8243;][vc_empty_space height=&#8221;20px&#8221;][vc_text_separator title=&#8221;MOBILE-HOME&#8221; color=&#8221;custom&#8221; border_width=&#8221;2&#8243; accent_color=&#8221;#e84e1b&#8221;][\/vc_column_inner][\/vc_row_inner][vc_empty_space][vc_row_inner equal_height=&#8221;yes&#8221; gap=&#8221;20&#8243; css=&#8221;.vc_custom_1617290181841{margin-left: -0.5px !important;}&#8221;][vc_column_inner width=&#8221;1\/5&#8243;][vc_icon icon_fontawesome=&#8221;far fa-calendar-check&#8221; color=&#8221;custom&#8221; align=&#8221;center&#8221; custom_color=&#8221;#e84e1b&#8221;][vc_column_text css=&#8221;.vc_custom_1622124484471{margin-top: -40px !important;}&#8221;]<\/p>\n<p style=\"text-align: center;\"><span style=\"color: #e84e1b;\"><strong>Receptie 7 dagen per week geopend<\/strong><\/span><\/p>\n<p>[\/vc_column_text][\/vc_column_inner][vc_column_inner width=&#8221;1\/5&#8243;][vc_icon icon_fontawesome=&#8221;fas fa-parking&#8221; color=&#8221;custom&#8221; align=&#8221;center&#8221; custom_color=&#8221;#e84e1b&#8221;][vc_column_text css=&#8221;.vc_custom_1622124542544{margin-top: -40px !important;}&#8221;]<\/p>\n<p style=\"text-align: center;\"><span style=\"color: #e84e1b;\"><strong>Gratis parkeren<\/strong><\/span><\/p>\n<p>[\/vc_column_text][\/vc_column_inner][vc_column_inner width=&#8221;1\/5&#8243;][vc_icon icon_fontawesome=&#8221;fas fa-bed&#8221; color=&#8221;custom&#8221; align=&#8221;center&#8221; custom_color=&#8221;#e84e1b&#8221;][vc_column_text css=&#8221;.vc_custom_1622124559358{margin-top: -40px !important;}&#8221;]<\/p>\n<p style=\"text-align: center;\"><span style=\"color: #e84e1b;\"><strong>Lakens en handdoeken<\/strong><\/span><br \/>\n<span style=\"color: #ffffff;\">Inbegrepen of optioneel<\/span><\/p>\n<p>[\/vc_column_text][\/vc_column_inner][vc_column_inner width=&#8221;1\/5&#8243;][vc_icon icon_fontawesome=&#8221;fas fa-utensils&#8221; color=&#8221;custom&#8221; align=&#8221;center&#8221; custom_color=&#8221;#e84e1b&#8221;][vc_column_text css=&#8221;.vc_custom_1622124569648{margin-top: -40px !important;}&#8221;]<\/p>\n<p style=\"text-align: center;\"><span style=\"color: #e84e1b;\"><strong>Caf\u00e9-restaurant en kleine kruidenierswinkel<\/strong><\/span><\/p>\n<p>[\/vc_column_text][\/vc_column_inner][vc_column_inner width=&#8221;1\/5&#8243;][vc_icon icon_fontawesome=&#8221;fas fa-coffee&#8221; color=&#8221;custom&#8221; align=&#8221;center&#8221; custom_color=&#8221;#e84e1b&#8221;][vc_column_text css=&#8221;.vc_custom_1622124578279{margin-top: -40px !important;}&#8221;]<\/p>\n<p style=\"text-align: center;\"><span style=\"color: #e84e1b;\"><strong>Ontbijt<\/strong><\/span><\/p>\n<p>[\/vc_column_text][\/vc_column_inner][\/vc_row_inner][vc_empty_space]<div class=\"text-center btnwrap\"><a class=\"btn btn-huttopia-cta\" href=\"mailto:pros@huttopia.com\" role=\"button\" target=\"\" onclick=\"dataLayer.push({'event':'clickCity', 'clickText':'BOEK NU'})\">BOEK NU<\/a><\/div><\/div>[\/vc_column][\/vc_row][vc_row css=&#8221;.vc_custom_1617290011707{background-color: #e8e8e8 !important;}&#8221;][vc_column]<div class=\"wrappedcontent\">[vc_column_text]<\/p>\n<p style=\"text-align: center;\"><span style=\"color: #e84e1b; font-size: 18pt;\"><strong>&#8211; VOOR AL UW ZAKENREIZEN &#8211;<\/strong><\/span><\/p>\n<p>[\/vc_column_text][vc_empty_space height=&#8221;20px&#8221;][vc_row_inner equal_height=&#8221;yes&#8221; gap=&#8221;35&#8243; css=&#8221;.vc_custom_1617290036776{margin-left: -0.5px !important;}&#8221;][vc_column_inner width=&#8221;1\/3&#8243; css=&#8221;.vc_custom_1617290147058{background-color: #ffffff !important;}&#8221;][vc_masonry_media_grid element_width=&#8221;12&#8243; gap=&#8221;0&#8243; grid_id=&#8221;vc_gid:1776071022995-c13858b6-af4e-4&#8243; include=&#8221;2239&#8243;][vc_empty_space height=&#8221;15px&#8221;][vc_column_text css=&#8221;.vc_custom_1636966242622{padding-right: 10px !important;padding-bottom: 10px !important;padding-left: 10px !important;}&#8221;]<\/p>\n<p style=\"text-align: center;\"><span style=\"color: #e84e1b;\"><strong>Voor bedrijven die hun teams willen ontvangen, tegen de beste prijs\/kwaliteitsverhouding<\/strong><\/span><\/p>\n<p style=\"text-align: center;\">We hebben ongeveer twintig huuraccommodaties.<\/p>\n<p>[\/vc_column_text][\/vc_column_inner][vc_column_inner width=&#8221;1\/3&#8243; css=&#8221;.vc_custom_1617290150977{background-color: #ffffff !important;}&#8221;][vc_masonry_media_grid element_width=&#8221;12&#8243; gap=&#8221;0&#8243; grid_id=&#8221;vc_gid:1776071022995-825972e6-0188-0&#8243; include=&#8221;2243&#8243;][vc_empty_space height=&#8221;15px&#8221;][vc_column_text css=&#8221;.vc_custom_1622125417428{padding-right: 10px !important;padding-bottom: 10px !important;padding-left: 10px !important;}&#8221;]<\/p>\n<p style=\"text-align: center;\"><span style=\"color: #e84e1b;\"><strong>Voor al uw zakenreizen<\/strong><\/span><\/p>\n<p style=\"text-align: center;\">Een bouwproject bij Colmar, in de Elzas of de Franse regio Grand-Est<br \/>\nEen vakbeurs in het Parc des Expositions te Colmar<br \/>\nEen cursus of tijdelijke opdracht in Colmar<br \/>\nReguliere zakenreizen naar de Elzas of Zuid-Duitsland<\/p>\n<p>[\/vc_column_text][\/vc_column_inner][vc_column_inner width=&#8221;1\/3&#8243; css=&#8221;.vc_custom_1617290156536{background-color: #ffffff !important;}&#8221;][vc_masonry_media_grid element_width=&#8221;12&#8243; gap=&#8221;0&#8243; grid_id=&#8221;vc_gid:1776071022996-f9b51262-170b-4&#8243; include=&#8221;2247&#8243;][vc_empty_space height=&#8221;15px&#8221;][vc_column_text css=&#8221;.vc_custom_1776071068539{padding-right: 10px !important;padding-bottom: 10px !important;padding-left: 10px !important;}&#8221;]<\/p>\n<p style=\"text-align: center;\"><span style=\"color: #e84e1b;\"><strong>Geopend van april tot en met januari<\/strong><\/span><\/p>\n<p style=\"text-align: center;\">Voor korte, middellange of lange termijn<br \/>\nVan 1 nacht tot meerdere maanden<\/p>\n<p>[\/vc_column_text][\/vc_column_inner][\/vc_row_inner]<\/div>[\/vc_column][\/vc_row][vc_row][vc_column]<div class=\"wrappedcontent\">[vc_row_inner equal_height=&#8221;yes&#8221; gap=&#8221;35&#8243; css=&#8221;.vc_custom_1617290358289{margin-left: -0.5px !important;}&#8221;][vc_column_inner][vc_column_text]<\/p>\n<p style=\"text-align: center;\"><span style=\"color: #e84e1b; font-size: 18pt;\"><strong>&#8211; UW CAMPING DE COLMAR IS EENVOUDIG BEREIKBAAR &#8211;<\/strong><\/span><\/p>\n<p style=\"text-align: center;\"><span style=\"font-size: 14pt;\"><strong>Optimaliseer uw reistijd in Colmar en omgeving en breng uw teams zo dicht mogelijk bij het reisdoel.<\/strong><\/span><\/p>\n<p>[\/vc_column_text][\/vc_column_inner][\/vc_row_inner][vc_empty_space height=&#8221;20px&#8221;][vc_row_inner equal_height=&#8221;yes&#8221; gap=&#8221;20&#8243; css=&#8221;.vc_custom_1617290419922{margin-left: -0.5px !important;}&#8221;][vc_column_inner width=&#8221;1\/4&#8243; css=&#8221;.vc_custom_1617290427208{background-color: #e8e8e8 !important;}&#8221;][vc_icon icon_fontawesome=&#8221;fas fa-car-side&#8221; color=&#8221;custom&#8221; align=&#8221;center&#8221; custom_color=&#8221;#e84e1b&#8221;][vc_column_text css=&#8221;.vc_custom_1622125546204{margin-top: -40px !important;padding-top: 10px !important;padding-right: 10px !important;padding-bottom: 10px !important;padding-left: 10px !important;}&#8221;]<\/p>\n<p style=\"text-align: center;\"><strong>Met de auto<\/strong><br \/>\n<span style=\"font-size: 10pt;\"><strong>Vanaf Parijs:<\/strong> A4, afslag 25 \u00ab Freiburg\/Neuf-Brisach\/Horbourg-Wihr\/Colmar-Semm \u00bb<\/span><br \/>\n<span style=\"font-size: 10pt;\"><strong>Vanaf Lyon :<\/strong> A36, afslag 25 \u00ab Freiburg\/Neuf-Brisach\/Horbourg-Wihr\/Colmar-Semm \u00bb<\/span><br \/>\n<span style=\"font-size: 10pt;\"><strong>Vanaf Frankfurt, Duitsland:<\/strong> A35, afslag 25 \u00ab Freiburg\/Neuf-Brisach\/Horbourg-Wihr\/Colmar-Semm \u00bb<\/span><\/p>\n<p>[\/vc_column_text][\/vc_column_inner][vc_column_inner width=&#8221;1\/4&#8243; css=&#8221;.vc_custom_1617290431537{background-color: #e8e8e8 !important;}&#8221;][vc_icon icon_fontawesome=&#8221;fas fa-bus-alt&#8221; color=&#8221;custom&#8221; align=&#8221;center&#8221; custom_color=&#8221;#e84e1b&#8221;][vc_column_text css=&#8221;.vc_custom_1622125566938{margin-top: -40px !important;padding-top: 10px !important;padding-right: 10px !important;padding-bottom: 10px !important;padding-left: 10px !important;}&#8221;]<\/p>\n<p style=\"text-align: center;\"><strong>Openbaar vervoer<\/strong><br \/>\n<span style=\"font-size: 10pt;\"><strong>Bus :<\/strong> (3 min. lopen)<\/span><\/p>\n<p>[\/vc_column_text][\/vc_column_inner][vc_column_inner width=&#8221;1\/4&#8243; css=&#8221;.vc_custom_1617290435312{background-color: #e8e8e8 !important;}&#8221;][vc_icon icon_fontawesome=&#8221;fas fa-subway&#8221; color=&#8221;custom&#8221; align=&#8221;center&#8221; custom_color=&#8221;#e84e1b&#8221;][vc_column_text css=&#8221;.vc_custom_1622125578326{margin-top: -40px !important;padding-top: 10px !important;padding-right: 10px !important;padding-bottom: 10px !important;padding-left: 10px !important;}&#8221;]<\/p>\n<p style=\"text-align: center;\"><strong>Treinstations<\/strong><br \/>\n<span style=\"font-size: 10pt;\"><strong>Colmar :<\/strong> (5 km)<br \/>\n<\/span><span style=\"font-size: 10pt;\"><strong>Mulhouse :<\/strong> (45 km)<\/span><\/p>\n<p>[\/vc_column_text][\/vc_column_inner][vc_column_inner width=&#8221;1\/4&#8243; css=&#8221;.vc_custom_1617290439521{background-color: #e8e8e8 !important;}&#8221;][vc_icon icon_fontawesome=&#8221;fas fa-plane&#8221; color=&#8221;custom&#8221; align=&#8221;center&#8221; custom_color=&#8221;#e84e1b&#8221;][vc_column_text css=&#8221;.vc_custom_1622125602964{margin-top: -40px !important;padding-top: 10px !important;padding-right: 10px !important;padding-bottom: 10px !important;padding-left: 10px !important;}&#8221;]<\/p>\n<p style=\"text-align: center;\"><strong>Luchthavens<\/strong><br \/>\n<span style=\"font-size: 10pt;\"><strong>Strasbourg-Entzheim :<\/strong> (50 min)<\/span><br \/>\n<span style=\"font-size: 10pt;\"><strong>EuroAirport Basel-Mulhouse-Freiburg :<\/strong> (40 min)<br \/>\n<\/span><span style=\"font-size: 10pt;\"><strong>Frankfurt, Duitsland:<\/strong> (3 uur)<\/span><\/p>\n<p>[\/vc_column_text][\/vc_column_inner][\/vc_row_inner]<\/div>\n    <div id=\"map888105\" class=\"map\"><\/div>\n    <script type=\"text\/javascript\">\n        let iconType = L.icon({\n            iconUrl: baseDirectory + '\/img\/pin.png',\n            iconSize: [22, 48],\n            iconAnchor: [11, 46],\n            popupAnchor: [0, -46]\n        });\n        let map = L.map('map888105', {\n            center: L.latLng(48.0791101, 7.386474700000008),\n            zoom: 10.8,\n            layers: [L.tileLayer('https:\/\/cartodb-basemaps-b.global.ssl.fastly.net\/light_all\/{z}\/{x}\/{y}.png', {\n                attribution: '&copy; <a href=\"https:\/\/www.openstreetmap.org\/copyright\">OpenStreetMap<\/a>'\n            })],\n            zoomSnap: 0.2\n        });\n        setTimeout(map.invalidateSize.bind(map), 100);\n        let contentString = '<div id=\"content\">' +\n            '<div id=\"siteNotice\">' +\n            '<\/div>' +\n            '<h4 id=\"firstHeading\" class=\"firstHeading\">Camping de l\\'Ill - Colmar<\/h4>' +\n            '<div id=\"bodyContent\">' +\n            '<p>1, all\u00e9e du Camping<\/p>' +\n            '<p>68180 Colmar - Horbourg Wihr<\/p>' +\n            '<\/div>' +\n            '<\/div>';\n        let marker = L.marker([48.0791101, 7.386474700000008], {icon: iconType}).addTo(map);\n        marker.bindPopup(contentString).openPopup();\n        let iwOuter = document.querySelector('.leaflet-popup-content-wrapper');\n        let iwArrow = document.querySelector('.leaflet-popup-tip');\n        iwOuter.style.backgroundColor = '#E84E1B';\n        iwArrow.style.backgroundColor = '#E84E1B';\n    <\/script>\n    [\/vc_column][\/vc_row][vc_row css=&#8221;.vc_custom_1617290699748{background-color: #e84e1b !important;}&#8221;][vc_column]<div class=\"wrappedcontent\">[vc_column_text]<\/p>\n<p style=\"text-align: center;\"><span style=\"font-size: 18pt; color: #ffffff;\"><strong>E\u00e9n contactpersoon die u van A tot Z bij uw project begeleidt<\/strong><\/span><\/p>\n<p>[\/vc_column_text][vc_empty_space height=&#8221;20px&#8221;][vc_row_inner gap=&#8221;20&#8243; css=&#8221;.vc_custom_1617290730164{margin-left: -0.5px !important;}&#8221;][vc_column_inner width=&#8221;1\/3&#8243;][vc_icon icon_fontawesome=&#8221;fas fa-phone-alt&#8221; color=&#8221;custom&#8221; align=&#8221;center&#8221; custom_color=&#8221;#ffffff&#8221;][vc_column_text css=&#8221;.vc_custom_1646067648112{margin-top: -40px !important;padding-top: 10px !important;padding-bottom: 10px !important;}&#8221;]<\/p>\n<p style=\"text-align: center;\"><span style=\"color: #ffffff; font-size: 14pt;\"><strong><a style=\"color: #ffffff;\" href=\"tel:0477522308\">+33 4 77 52 23 08<\/a><\/strong><br \/>\n(Voor aankomst overdag: <a style=\"color: #ffffff;\" href=\"tel:0389411594\">+33 (0)3 89 41 15 94<\/a>)<\/span><\/p>\n<p>[\/vc_column_text][\/vc_column_inner][vc_column_inner width=&#8221;1\/3&#8243;][vc_icon icon_fontawesome=&#8221;far fa-envelope&#8221; color=&#8221;custom&#8221; align=&#8221;center&#8221; custom_color=&#8221;#ffffff&#8221;][vc_column_text css=&#8221;.vc_custom_1619452643978{margin-top: -40px !important;padding-top: 10px !important;padding-bottom: 10px !important;}&#8221;]<\/p>\n<p style=\"text-align: center;\"><span style=\"color: #ffffff; font-size: 14pt;\"><strong><a style=\"color: #ffffff;\" href=\"mailto:pros@huttopia.com\">pros@huttopia.com<\/a><\/strong><\/span><\/p>\n<p>[\/vc_column_text][\/vc_column_inner][vc_column_inner width=&#8221;1\/3&#8243;][vc_icon icon_fontawesome=&#8221;fas fa-globe&#8221; color=&#8221;custom&#8221; align=&#8221;center&#8221; custom_color=&#8221;#ffffff&#8221;][vc_column_text css=&#8221;.vc_custom_1622125623336{margin-top: -40px !important;padding-top: 10px !important;padding-bottom: 10px !important;}&#8221;]<\/p>\n<p style=\"text-align: center;\"><span style=\"color: #ffffff; font-size: 14pt;\"><strong><a style=\"color: #ffffff;\" href=\"https:\/\/www.campingdelill.fr\/nl\/contact\/\">Online contactformulier<\/a><\/strong><\/span><\/p>\n<p>[\/vc_column_text][\/vc_column_inner][\/vc_row_inner]<\/div>[\/vc_column][\/vc_row]<\/p>\n<\/div>","protected":false},"excerpt":{"rendered":"<p>[vc_row][vc_column][vc_single_image image=&#8221;2187&#8243; img_size=&#8221;1900&#215;500&#8243; alignment=&#8221;center&#8221;][\/vc_column][\/vc_row][vc_row][vc_column][\/vc_column][\/vc_row][vc_row css=&#8221;.vc_custom_1617290011707{background-color: #e8e8e8 !important;}&#8221;][vc_column][\/vc_column][\/vc_row][vc_row][vc_column][\/vc_column][\/vc_row][vc_row css=&#8221;.vc_custom_1617290699748{background-color: #e84e1b !important;}&#8221;][vc_column][\/vc_column][\/vc_row]<\/p>\n","protected":false},"author":1,"featured_media":0,"parent":0,"menu_order":0,"comment_status":"closed","ping_status":"closed","template":"","meta":{"footnotes":""},"class_list":["post-2375","page","type-page","status-publish","hentry"],"yoast_head":"<!-- This site is optimized with the Yoast SEO plugin v25.6 - https:\/\/yoast.com\/wordpress\/plugins\/seo\/ -->\n<title>Professionnels - Camping de Colmar<\/title>\n<meta name=\"description\" content=\"Le Citykamp de l&#039;Ill de Colmar vous propose d&#039;h\u00e9berger vos \u00e9quipes au meilleur rapport qualit\u00e9\/prix.\" \/>\n<meta name=\"robots\" content=\"index, follow, max-snippet:-1, max-image-preview:large, max-video-preview:-1\" \/>\n<link rel=\"canonical\" href=\"https:\/\/www.campingdelill.fr\/nl\/professionnels\/\" \/>\n<meta property=\"og:locale\" content=\"nl_NL\" \/>\n<meta property=\"og:type\" content=\"article\" \/>\n<meta property=\"og:title\" content=\"Professionnels - Camping de Colmar\" \/>\n<meta property=\"og:description\" content=\"Le Citykamp de l&#039;Ill de Colmar vous propose d&#039;h\u00e9berger vos \u00e9quipes au meilleur rapport qualit\u00e9\/prix.\" \/>\n<meta property=\"og:url\" content=\"https:\/\/www.campingdelill.fr\/nl\/professionnels\/\" \/>\n<meta property=\"og:site_name\" content=\"Camping de Colmar\" \/>\n<meta property=\"article:modified_time\" content=\"2026-04-13T09:04:32+00:00\" \/>\n<meta name=\"twitter:card\" content=\"summary_large_image\" \/>\n<meta name=\"twitter:label1\" content=\"Est. reading time\" \/>\n\t<meta name=\"twitter:data1\" content=\"5 minuten\" \/>\n<script type=\"application\/ld+json\" class=\"yoast-schema-graph\">{\"@context\":\"https:\/\/schema.org\",\"@graph\":[{\"@type\":\"WebPage\",\"@id\":\"https:\/\/www.campingdelill.fr\/nl\/professionnels\/\",\"url\":\"https:\/\/www.campingdelill.fr\/nl\/professionnels\/\",\"name\":\"Professionnels - Camping de Colmar\",\"isPartOf\":{\"@id\":\"https:\/\/www.campingdelill.fr\/nl\/#website\"},\"datePublished\":\"2018-02-20T15:46:16+00:00\",\"dateModified\":\"2026-04-13T09:04:32+00:00\",\"description\":\"Le Citykamp de l'Ill de Colmar vous propose d'h\u00e9berger vos \u00e9quipes au meilleur rapport qualit\u00e9\/prix.\",\"breadcrumb\":{\"@id\":\"https:\/\/www.campingdelill.fr\/nl\/professionnels\/#breadcrumb\"},\"inLanguage\":\"nl\",\"potentialAction\":[{\"@type\":\"ReadAction\",\"target\":[\"https:\/\/www.campingdelill.fr\/nl\/professionnels\/\"]}]},{\"@type\":\"BreadcrumbList\",\"@id\":\"https:\/\/www.campingdelill.fr\/nl\/professionnels\/#breadcrumb\",\"itemListElement\":[{\"@type\":\"ListItem\",\"position\":1,\"name\":\"Accueil\",\"item\":\"https:\/\/www.campingdelill.fr\/nl\/\"},{\"@type\":\"ListItem\",\"position\":2,\"name\":\"Professionnels\"}]},{\"@type\":\"WebSite\",\"@id\":\"https:\/\/www.campingdelill.fr\/nl\/#website\",\"url\":\"https:\/\/www.campingdelill.fr\/nl\/\",\"name\":\"Camping de Colmar\",\"description\":\"Un site utilisant Citykamp\",\"potentialAction\":[{\"@type\":\"SearchAction\",\"target\":{\"@type\":\"EntryPoint\",\"urlTemplate\":\"https:\/\/www.campingdelill.fr\/nl\/?s={search_term_string}\"},\"query-input\":{\"@type\":\"PropertyValueSpecification\",\"valueRequired\":true,\"valueName\":\"search_term_string\"}}],\"inLanguage\":\"nl\"}]}<\/script>\n<!-- \/ Yoast SEO plugin. -->","yoast_head_json":{"title":"Professionnels - Camping de Colmar","description":"Le Citykamp de l'Ill de Colmar vous propose d'h\u00e9berger vos \u00e9quipes au meilleur rapport qualit\u00e9\/prix.","robots":{"index":"index","follow":"follow","max-snippet":"max-snippet:-1","max-image-preview":"max-image-preview:large","max-video-preview":"max-video-preview:-1"},"canonical":"https:\/\/www.campingdelill.fr\/nl\/professionnels\/","og_locale":"nl_NL","og_type":"article","og_title":"Professionnels - Camping de Colmar","og_description":"Le Citykamp de l'Ill de Colmar vous propose d'h\u00e9berger vos \u00e9quipes au meilleur rapport qualit\u00e9\/prix.","og_url":"https:\/\/www.campingdelill.fr\/nl\/professionnels\/","og_site_name":"Camping de Colmar","article_modified_time":"2026-04-13T09:04:32+00:00","twitter_card":"summary_large_image","twitter_misc":{"Est. reading time":"5 minuten"},"schema":{"@context":"https:\/\/schema.org","@graph":[{"@type":"WebPage","@id":"https:\/\/www.campingdelill.fr\/nl\/professionnels\/","url":"https:\/\/www.campingdelill.fr\/nl\/professionnels\/","name":"Professionnels - Camping de Colmar","isPartOf":{"@id":"https:\/\/www.campingdelill.fr\/nl\/#website"},"datePublished":"2018-02-20T15:46:16+00:00","dateModified":"2026-04-13T09:04:32+00:00","description":"Le Citykamp de l'Ill de Colmar vous propose d'h\u00e9berger vos \u00e9quipes au meilleur rapport qualit\u00e9\/prix.","breadcrumb":{"@id":"https:\/\/www.campingdelill.fr\/nl\/professionnels\/#breadcrumb"},"inLanguage":"nl","potentialAction":[{"@type":"ReadAction","target":["https:\/\/www.campingdelill.fr\/nl\/professionnels\/"]}]},{"@type":"BreadcrumbList","@id":"https:\/\/www.campingdelill.fr\/nl\/professionnels\/#breadcrumb","itemListElement":[{"@type":"ListItem","position":1,"name":"Accueil","item":"https:\/\/www.campingdelill.fr\/nl\/"},{"@type":"ListItem","position":2,"name":"Professionnels"}]},{"@type":"WebSite","@id":"https:\/\/www.campingdelill.fr\/nl\/#website","url":"https:\/\/www.campingdelill.fr\/nl\/","name":"Camping de Colmar","description":"Un site utilisant Citykamp","potentialAction":[{"@type":"SearchAction","target":{"@type":"EntryPoint","urlTemplate":"https:\/\/www.campingdelill.fr\/nl\/?s={search_term_string}"},"query-input":{"@type":"PropertyValueSpecification","valueRequired":true,"valueName":"search_term_string"}}],"inLanguage":"nl"}]}},"_links":{"self":[{"href":"https:\/\/www.campingdelill.fr\/nl\/wp-json\/wp\/v2\/pages\/2375","targetHints":{"allow":["GET"]}}],"collection":[{"href":"https:\/\/www.campingdelill.fr\/nl\/wp-json\/wp\/v2\/pages"}],"about":[{"href":"https:\/\/www.campingdelill.fr\/nl\/wp-json\/wp\/v2\/types\/page"}],"author":[{"embeddable":true,"href":"https:\/\/www.campingdelill.fr\/nl\/wp-json\/wp\/v2\/users\/1"}],"replies":[{"embeddable":true,"href":"https:\/\/www.campingdelill.fr\/nl\/wp-json\/wp\/v2\/comments?post=2375"}],"version-history":[{"count":4,"href":"https:\/\/www.campingdelill.fr\/nl\/wp-json\/wp\/v2\/pages\/2375\/revisions"}],"predecessor-version":[{"id":3927,"href":"https:\/\/www.campingdelill.fr\/nl\/wp-json\/wp\/v2\/pages\/2375\/revisions\/3927"}],"wp:attachment":[{"href":"https:\/\/www.campingdelill.fr\/nl\/wp-json\/wp\/v2\/media?parent=2375"}],"curies":[{"name":"wp","href":"https:\/\/api.w.org\/{rel}","templated":true}]}}