{"id":2656,"date":"2022-02-08T14:31:22","date_gmt":"2022-02-08T13:31:22","guid":{"rendered":"https:\/\/www.campingdelill.fr\/mon-sejour\/"},"modified":"2026-04-13T11:00:52","modified_gmt":"2026-04-13T09:00:52","slug":"mon-sejour","status":"publish","type":"page","link":"https:\/\/www.campingdelill.fr\/nl\/mon-sejour\/","title":{"rendered":"Mijn verblijf"},"content":{"rendered":"<div class=\"wpb-content-wrapper\"><p>[vc_row css=&#8221;.vc_custom_1644325922452{background-color: #e8e8e8 !important;}&#8221;][vc_column]<div class=\"wrappedcontent\">[vc_empty_space height=&#8221;40px&#8221;][vc_column_text]<\/p>\n<h2>Alle praktische informatie voor uw verblijf<\/h2>\n<p>[\/vc_column_text]<\/div>[\/vc_column][\/vc_row][vc_row][vc_column]<div class=\"wrappedcontent\">[vc_row_inner][vc_column_inner width=&#8221;1\/2&#8243;][vc_icon icon_fontawesome=&#8221;fas fa-campground&#8221; color=&#8221;custom&#8221; align=&#8221;center&#8221; custom_color=&#8221;#e84e1b&#8221;][vc_column_text]<\/p>\n<p style=\"text-align: center;\"><span style=\"color: #e94e1b;\"><strong><span style=\"font-size: 20pt;\">Mijn verblijf op een kampeerplaats<\/span><\/strong><\/span><\/p>\n<p>[\/vc_column_text][vc_empty_space height=&#8221;35px&#8221;][vc_column_text css=&#8221;&#8221;]<span style=\"font-size: 14pt;\"><strong>Wat is inbegrepen bij mijn camping boeking?\u00a0<\/strong><\/span><\/p>\n<ul>\n<li>2 personen<\/li>\n<li>1 instalatie (tent of caravan)<\/li>\n<li>1 voertuig (1 auto of motor) OF 1 camper\/busje<\/li>\n<li>Een camper serviceruimte<\/li>\n<\/ul>\n<p><span style=\"font-size: 12pt;\"><b>\u00a0 \u00a0 \u00a0 Met als extra&#8217;s:<\/b><\/span><\/p>\n<ul>\n<li>Elektrische aansluiting<\/li>\n<li>Tot 6 personen (volwassenen, kinderen en baby&#8217;s) per kampeerplaats<\/li>\n<li>Slechts 1 huisdier toegestaan<\/li>\n<li>1 bijzettentje (2m x 2m)<\/li>\n<li>Voorkeurskosten (Reserveer een specifiek plaatsnummer)<\/li>\n<\/ul>\n<p><span style=\"font-size: 14pt;\"><strong>Betalingsvoorwaarden<\/strong><\/span><\/p>\n<ul>\n<li><span style=\"font-size: 12pt;\">Voor 3 nachten of meer: Aanbetaling van 40% bij de reservering, betaling van het resterende bedrag \u00e9\u00e9n maand v\u00f3\u00f3r de aankomstdatum.<\/span><\/li>\n<li><span style=\"font-size: 12pt;\">Voor 1 of 2 nachten, 100% van de kosten van het verblijf bij reservering.<\/span><\/li>\n<\/ul>\n<p><strong>Wijziging<\/strong>: tot 30 dagen voor aankomst kost een wijziging \u20ac50.<br \/>\n<strong>Annulering:\u00a0<\/strong> tot 30 dagen met reserveringskosten: aanbetaling van 40% van de totale verblijfskosten + verzekeringspolis + reserveringskosten. Na D-30 wordt het verblijf niet terugbetaald.<\/p>\n<p><span style=\"font-size: 14pt;\"><strong>Aankomst- en vertrektijden<\/strong><\/span><br \/>\n<span style=\"font-size: 12pt;\">Aankomsttijd: 14.00 uur \/ Vertrektijd: 12.00 uur<\/span>[\/vc_column_text][\/vc_column_inner][vc_column_inner width=&#8221;1\/2&#8243;][vc_icon icon_fontawesome=&#8221;fas fa-home&#8221; color=&#8221;custom&#8221; align=&#8221;center&#8221; custom_color=&#8221;#e84e1b&#8221;][vc_column_text]<\/p>\n<p style=\"text-align: center;\"><span style=\"color: #e94e1b;\"><strong><span style=\"font-size: 20pt;\">Mijn verblijf in een accommodatie<\/span><\/strong><\/span><\/p>\n<p>[\/vc_column_text][vc_empty_space height=&#8221;35px&#8221;][vc_column_text css=&#8221;&#8221;]<span style=\"font-size: 14pt;\"><strong>Wat is inbegrepen bij mijn accommodatie:<\/strong><\/span><\/p>\n<ul>\n<li>Lakens en handdoeken<\/li>\n<li>Schoonmaakset (spons, afwasmiddel, allesreiniger)<\/li>\n<li>TV<\/li>\n<li>Elektriciteit<\/li>\n<li>1 voertuig<\/li>\n<\/ul>\n<p><span style=\"font-size: 12pt;\"><b>\u00a0 \u00a0 \u00a0 Met als extra&#8217;s:<\/b><\/span><\/p>\n<ul>\n<li>Slechts 1 dier toegestaan<\/li>\n<li>Schoonmaak aan het einde van het verblijf<\/li>\n<li>Voorkeurskosten (Boek een specifiek accommodatienummer)<\/li>\n<\/ul>\n<p><span style=\"font-size: 14pt;\"><strong>Betalingsvoorwaarden<\/strong><\/span><\/p>\n<ul>\n<li>Aanbetaling van 40% bij reservering, restant te betalen \u00e9\u00e9n maand voor aankomst.<\/li>\n<\/ul>\n<p><strong>Wijziging<\/strong>: tot 30 dagen voor aankomst kost een wijziging \u20ac50.<br \/>\n<strong>Annulering:\u00a0<\/strong> tot 30 dagen met reserveringskosten: aanbetaling van 40% van de totale verblijfskosten + verzekeringspolis + reserveringskosten. Na D-30 wordt het verblijf niet terugbetaald.<\/p>\n<p><span style=\"font-size: 14pt;\"><strong>Aankomst- en vertrektijden<\/strong><\/span><br \/>\n<span style=\"font-size: 12pt;\">Aankomsttijd: 15.00 uur \/ Vertrektijd: 10.00 uur<\/span>[\/vc_column_text][\/vc_column_inner][\/vc_row_inner][vc_column_text]<em><span style=\"font-size: 10pt;\">Voor de rust op onze terreinen is het parkeren van slechts \u00e9\u00e9n voertuig op de camping toegestaan (op de parkeerplaats of op de staanplaats). Alle extra voertuigen moeten buiten parkeren.<\/span><\/em>[\/vc_column_text][vc_empty_space height=&#8221;55px&#8221;][vc_column_text]<\/p>\n<p style=\"text-align: center;\"><span style=\"font-size: 18pt; color: #e94e1b;\"><strong>BIJKOMENDE SERVICES<\/strong><\/span><\/p>\n<p>[\/vc_column_text][vc_empty_space height=&#8221;35px&#8221;][vc_row_inner][vc_column_inner width=&#8221;1\/5&#8243;][vc_icon icon_fontawesome=&#8221;fas fa-bed&#8221; color=&#8221;custom&#8221; align=&#8221;center&#8221; custom_color=&#8221;#e84e1b&#8221;][vc_column_text]<\/p>\n<p style=\"text-align: center;\"><strong>Mogelijkheid om de bedden op te laten maken bij aankomst<\/strong><\/p>\n<p>[\/vc_column_text][\/vc_column_inner][vc_column_inner width=&#8221;1\/5&#8243;][vc_icon type=&#8221;material&#8221; icon_material=&#8221;vc-material vc-material-kitchen&#8221; color=&#8221;custom&#8221; align=&#8221;center&#8221; custom_color=&#8221;#e84e1b&#8221;][vc_column_text]<\/p>\n<p style=\"text-align: center;\"><strong>Verhuur van barbecue en koelkast<\/strong><\/p>\n<p>[\/vc_column_text][\/vc_column_inner][vc_column_inner width=&#8221;1\/5&#8243;][vc_icon icon_fontawesome=&#8221;fas fa-baby-carriage&#8221; color=&#8221;custom&#8221; align=&#8221;center&#8221; custom_color=&#8221;#e84e1b&#8221;][vc_column_text]<\/p>\n<p style=\"text-align: center;\"><strong>Baby-pakket (opklapbed + kinderstoel)<\/strong><\/p>\n<p>[\/vc_column_text][\/vc_column_inner][vc_column_inner width=&#8221;1\/5&#8243;][vc_icon type=&#8221;material&#8221; icon_material=&#8221;vc-material vc-material-local_laundry_service&#8221; color=&#8221;custom&#8221; align=&#8221;center&#8221; custom_color=&#8221;#e84e1b&#8221;][vc_column_text]<\/p>\n<p style=\"text-align: center;\"><strong>Wasserette<\/strong><\/p>\n<p>[\/vc_column_text][\/vc_column_inner][vc_column_inner width=&#8221;1\/5&#8243;][vc_icon icon_fontawesome=&#8221;fas fa-broom&#8221; color=&#8221;custom&#8221; align=&#8221;center&#8221; custom_color=&#8221;#e84e1b&#8221;][vc_column_text]<\/p>\n<p style=\"text-align: center;\"><strong>Huishoudpakket<\/strong><\/p>\n<p>[\/vc_column_text][\/vc_column_inner][\/vc_row_inner][vc_empty_space height=&#8221;35px&#8221;]<div class=\"text-center btnwrap\"><a class=\"btn btn-huttopia-cta\" href=\"http:\/\/checkout.citykamp.com\/site\/en\/900\" role=\"button\" target=\"\" onclick=\"dataLayer.push({'event':'clickCity', 'clickText':'Boek uw verblijf'})\">Boek uw verblijf<\/a><\/div><\/div>[\/vc_column][\/vc_row][vc_row css=&#8221;.vc_custom_1644326736029{background-color: #e8e8e8 !important;}&#8221;][vc_column]<div class=\"wrappedcontent\">[vc_row_inner equal_height=&#8221;yes&#8221; gap=&#8221;35&#8243; css=&#8221;.vc_custom_1644326774986{margin-left: 0px !important;}&#8221;][vc_column_inner width=&#8221;1\/3&#8243;][vc_masonry_media_grid element_width=&#8221;12&#8243; gap=&#8221;0&#8243; grid_id=&#8221;vc_gid:1776070710744-54a60f57-1810-10&#8243; include=&#8221;2652&#8243;][\/vc_column_inner][vc_column_inner width=&#8221;2\/3&#8243;][vc_column_text]<span style=\"color: #e94e1b;\"><strong><span style=\"font-size: 16pt;\">Huisdieren zijn welkom!<\/span><\/strong><\/span><\/p>\n<p><span style=\"font-size: 14pt;\">Wij accepteren \u00e9\u00e9n huisdier per kampeerplaats of accommodatie.<\/span><br \/>\n<span style=\"font-size: 14pt;\">Ze moeten aangelijnd en gevaccineerd zijn.<\/span>[\/vc_column_text][\/vc_column_inner][\/vc_row_inner]<\/div>[\/vc_column][\/vc_row][vc_row css=&#8221;.vc_custom_1644326763556{background-color: #e84e1b !important;}&#8221;][vc_column]<div class=\"wrappedcontent\">[vc_row_inner equal_height=&#8221;yes&#8221; gap=&#8221;35&#8243; css=&#8221;.vc_custom_1644326786706{margin-left: 0px !important;}&#8221;][vc_column_inner width=&#8221;1\/3&#8243;][vc_icon icon_fontawesome=&#8221;fas fa-wallet&#8221; color=&#8221;white&#8221; align=&#8221;center&#8221;][vc_column_text]<\/p>\n<p style=\"text-align: center;\"><span style=\"font-size: 14pt; color: #ffffff;\"><strong>RESERVERINGSKOSTEN<\/strong><\/span><\/p>\n<p style=\"text-align: center;\"><span style=\"color: #ffffff;\">22\u20ac voor een verblijf tussen 28\/06 en 31\/08<br \/>\nDe rest van het jaar gratis<\/span>[\/vc_column_text][\/vc_column_inner][vc_column_inner width=&#8221;1\/3&#8243;][vc_icon icon_fontawesome=&#8221;fas fa-briefcase&#8221; color=&#8221;white&#8221; align=&#8221;center&#8221;][vc_column_text]<\/p>\n<p style=\"text-align: center;\"><span style=\"font-size: 14pt; color: #ffffff;\"><strong>ANNULERINGSVERZEKERING<\/strong><\/span><\/p>\n<p style=\"text-align: center;\"><span style=\"color: #ffffff;\">Annulerings- en verblijfsonderbrekingsverzekering<br \/>\n4,5% van het totaalbedrag van uw verblijf (exclusief reserveringskosten en toeristenbelasting).<\/span><\/p>\n<p>[\/vc_column_text][\/vc_column_inner][vc_column_inner width=&#8221;1\/3&#8243;][vc_icon icon_fontawesome=&#8221;fas fa-tags&#8221; color=&#8221;white&#8221; align=&#8221;center&#8221;][vc_column_text]<\/p>\n<p style=\"text-align: center;\"><span style=\"font-size: 14pt; color: #ffffff;\"><strong>BIJKOMENDE TARIEVEN<\/strong><\/span><\/p>\n<p style=\"text-align: center;\"><a href=\"https:\/\/media.huttopia.com\/tarifs-annexes-citykamp-nl.pdf\" target=\"_blank\" rel=\"noopener noreferrer\"><span style=\"color: #ffffff;\"><u>Raadpleeg de bijgevoegde tarievenlijst<\/u><\/span><\/a><\/p>\n<p>[\/vc_column_text][\/vc_column_inner][\/vc_row_inner]<\/div>[\/vc_column][\/vc_row][vc_row][vc_column]<div class=\"wrappedcontent\">[vc_row_inner equal_height=&#8221;yes&#8221; gap=&#8221;35&#8243; css=&#8221;.vc_custom_1644326968961{margin-left: 0px !important;}&#8221;][vc_column_inner width=&#8221;1\/3&#8243;][vc_masonry_media_grid element_width=&#8221;12&#8243; gap=&#8221;0&#8243; grid_id=&#8221;vc_gid:1776070710746-4fe71e70-b7c3-2&#8243; include=&#8221;3331&#8243;][\/vc_column_inner][vc_column_inner width=&#8221;2\/3&#8243;][vc_column_text css=&#8221;&#8221;]<\/p>\n<h2><span style=\"color: #e94e1b;\">CAMPING CARD<\/span><\/h2>\n<p><span style=\"font-size: 12pt;\">Kamperen vanaf <span style=\"color: #e84e1b;\"><strong>15\u20ac<\/strong><\/span>* per nacht met de <a href=\"https:\/\/www.citykamp.com\/nl\/camping-card\/\"><span style=\"text-decoration: underline;\"><span style=\"color: #e84e1b;\">Camping Card<\/span><\/span><\/a>\u00a0Huttopia.<\/span><br \/>\n<span style=\"font-size: 12pt;\">Profiteer van voordeeltarieven en gratis nachten in het voor- en naseizoen, bij alle campings <span style=\"text-decoration: underline;\"><span style=\"color: #e94e1b; text-decoration: underline;\"><a style=\"color: #e94e1b; text-decoration: underline;\" href=\"https:\/\/www.citykamp.com\/nl\/bestemmingen\/\">Citykamp<\/a><\/span><\/span>, <span style=\"text-decoration: underline;\"><span style=\"color: #e94e1b; text-decoration: underline;\"><a style=\"color: #e94e1b; text-decoration: underline;\" href=\"https:\/\/www.onlycamp.fr\/nl\/\">Onlycamp<\/a><\/span><\/span> en <span style=\"text-decoration: underline; color: #e94e1b;\"><a style=\"color: #e94e1b; text-decoration: underline;\" href=\"https:\/\/europe.huttopia.com\/nl\/destinations\/campings\/\">Huttopia campings<\/a><\/span>.<\/span><\/p>\n<p><span style=\"font-size: 10pt;\"><em>*Inclusief: 1 standplaats met elektriciteit voor 2 personen (+ gratis huisdier)<\/em><\/span>[\/vc_column_text][vc_empty_space]<div class=\" btnwrap\"><a class=\"btn btn-huttopia-cta\" href=\"https:\/\/www.citykamp.com\/camping-card\/nl\" role=\"button\" target=\"true\" onclick=\"dataLayer.push({'event':'clickCity', 'clickText':'IK GENIET ERVAN'})\">IK GENIET ERVAN<\/a><\/div>[\/vc_column_inner][\/vc_row_inner]<\/div>[\/vc_column][\/vc_row]<\/p>\n<\/div>","protected":false},"excerpt":{"rendered":"<p>[vc_row css=&#8221;.vc_custom_1644325922452{background-color: #e8e8e8 !important;}&#8221;][vc_column][\/vc_column][\/vc_row][vc_row][vc_column][\/vc_column][\/vc_row][vc_row css=&#8221;.vc_custom_1644326736029{background-color: #e8e8e8 !important;}&#8221;][vc_column][\/vc_column][\/vc_row][vc_row css=&#8221;.vc_custom_1644326763556{background-color: #e84e1b !important;}&#8221;][vc_column][\/vc_column][\/vc_row][vc_row][vc_column][\/vc_column][\/vc_row]<\/p>\n","protected":false},"author":1,"featured_media":0,"parent":0,"menu_order":0,"comment_status":"closed","ping_status":"closed","template":"","meta":{"footnotes":""},"class_list":["post-2656","page","type-page","status-publish","hentry"],"yoast_head":"<!-- This site is optimized with the Yoast SEO plugin v25.6 - https:\/\/yoast.com\/wordpress\/plugins\/seo\/ -->\n<title>Praktische informatie over uw verblijf op Camping de l&#039;Ill Colmar<\/title>\n<meta name=\"description\" content=\"Alle praktische informatie voor uw verblijf op Camping de l&#039;Ill Colmar: wat is inbegrepen, betalingsvoorwaarden.\" \/>\n<meta name=\"robots\" content=\"index, follow, max-snippet:-1, max-image-preview:large, max-video-preview:-1\" \/>\n<link rel=\"canonical\" href=\"https:\/\/www.campingdelill.fr\/nl\/mon-sejour\/\" \/>\n<meta property=\"og:locale\" content=\"nl_NL\" \/>\n<meta property=\"og:type\" content=\"article\" \/>\n<meta property=\"og:title\" content=\"Praktische informatie over uw verblijf op Camping de l&#039;Ill Colmar\" \/>\n<meta property=\"og:description\" content=\"Alle praktische informatie voor uw verblijf op Camping de l&#039;Ill Colmar: wat is inbegrepen, betalingsvoorwaarden.\" \/>\n<meta property=\"og:url\" content=\"https:\/\/www.campingdelill.fr\/nl\/mon-sejour\/\" \/>\n<meta property=\"og:site_name\" content=\"Camping de Colmar\" \/>\n<meta property=\"article:modified_time\" content=\"2026-04-13T09:00:52+00:00\" \/>\n<meta name=\"twitter:card\" content=\"summary_large_image\" \/>\n<meta name=\"twitter:label1\" content=\"Est. reading time\" \/>\n\t<meta name=\"twitter:data1\" content=\"4 minuten\" \/>\n<script type=\"application\/ld+json\" class=\"yoast-schema-graph\">{\"@context\":\"https:\/\/schema.org\",\"@graph\":[{\"@type\":\"WebPage\",\"@id\":\"https:\/\/www.campingdelill.fr\/nl\/mon-sejour\/\",\"url\":\"https:\/\/www.campingdelill.fr\/nl\/mon-sejour\/\",\"name\":\"Praktische informatie over uw verblijf op Camping de l'Ill Colmar\",\"isPartOf\":{\"@id\":\"https:\/\/www.campingdelill.fr\/nl\/#website\"},\"datePublished\":\"2022-02-08T13:31:22+00:00\",\"dateModified\":\"2026-04-13T09:00:52+00:00\",\"description\":\"Alle praktische informatie voor uw verblijf op Camping de l'Ill Colmar: wat is inbegrepen, betalingsvoorwaarden.\",\"breadcrumb\":{\"@id\":\"https:\/\/www.campingdelill.fr\/nl\/mon-sejour\/#breadcrumb\"},\"inLanguage\":\"nl\",\"potentialAction\":[{\"@type\":\"ReadAction\",\"target\":[\"https:\/\/www.campingdelill.fr\/nl\/mon-sejour\/\"]}]},{\"@type\":\"BreadcrumbList\",\"@id\":\"https:\/\/www.campingdelill.fr\/nl\/mon-sejour\/#breadcrumb\",\"itemListElement\":[{\"@type\":\"ListItem\",\"position\":1,\"name\":\"Accueil\",\"item\":\"https:\/\/www.campingdelill.fr\/nl\/\"},{\"@type\":\"ListItem\",\"position\":2,\"name\":\"Mijn verblijf\"}]},{\"@type\":\"WebSite\",\"@id\":\"https:\/\/www.campingdelill.fr\/nl\/#website\",\"url\":\"https:\/\/www.campingdelill.fr\/nl\/\",\"name\":\"Camping de Colmar\",\"description\":\"Un site utilisant Citykamp\",\"potentialAction\":[{\"@type\":\"SearchAction\",\"target\":{\"@type\":\"EntryPoint\",\"urlTemplate\":\"https:\/\/www.campingdelill.fr\/nl\/?s={search_term_string}\"},\"query-input\":{\"@type\":\"PropertyValueSpecification\",\"valueRequired\":true,\"valueName\":\"search_term_string\"}}],\"inLanguage\":\"nl\"}]}<\/script>\n<!-- \/ Yoast SEO plugin. -->","yoast_head_json":{"title":"Praktische informatie over uw verblijf op Camping de l'Ill Colmar","description":"Alle praktische informatie voor uw verblijf op Camping de l'Ill Colmar: wat is inbegrepen, betalingsvoorwaarden.","robots":{"index":"index","follow":"follow","max-snippet":"max-snippet:-1","max-image-preview":"max-image-preview:large","max-video-preview":"max-video-preview:-1"},"canonical":"https:\/\/www.campingdelill.fr\/nl\/mon-sejour\/","og_locale":"nl_NL","og_type":"article","og_title":"Praktische informatie over uw verblijf op Camping de l'Ill Colmar","og_description":"Alle praktische informatie voor uw verblijf op Camping de l'Ill Colmar: wat is inbegrepen, betalingsvoorwaarden.","og_url":"https:\/\/www.campingdelill.fr\/nl\/mon-sejour\/","og_site_name":"Camping de Colmar","article_modified_time":"2026-04-13T09:00:52+00:00","twitter_card":"summary_large_image","twitter_misc":{"Est. reading time":"4 minuten"},"schema":{"@context":"https:\/\/schema.org","@graph":[{"@type":"WebPage","@id":"https:\/\/www.campingdelill.fr\/nl\/mon-sejour\/","url":"https:\/\/www.campingdelill.fr\/nl\/mon-sejour\/","name":"Praktische informatie over uw verblijf op Camping de l'Ill Colmar","isPartOf":{"@id":"https:\/\/www.campingdelill.fr\/nl\/#website"},"datePublished":"2022-02-08T13:31:22+00:00","dateModified":"2026-04-13T09:00:52+00:00","description":"Alle praktische informatie voor uw verblijf op Camping de l'Ill Colmar: wat is inbegrepen, betalingsvoorwaarden.","breadcrumb":{"@id":"https:\/\/www.campingdelill.fr\/nl\/mon-sejour\/#breadcrumb"},"inLanguage":"nl","potentialAction":[{"@type":"ReadAction","target":["https:\/\/www.campingdelill.fr\/nl\/mon-sejour\/"]}]},{"@type":"BreadcrumbList","@id":"https:\/\/www.campingdelill.fr\/nl\/mon-sejour\/#breadcrumb","itemListElement":[{"@type":"ListItem","position":1,"name":"Accueil","item":"https:\/\/www.campingdelill.fr\/nl\/"},{"@type":"ListItem","position":2,"name":"Mijn verblijf"}]},{"@type":"WebSite","@id":"https:\/\/www.campingdelill.fr\/nl\/#website","url":"https:\/\/www.campingdelill.fr\/nl\/","name":"Camping de Colmar","description":"Un site utilisant Citykamp","potentialAction":[{"@type":"SearchAction","target":{"@type":"EntryPoint","urlTemplate":"https:\/\/www.campingdelill.fr\/nl\/?s={search_term_string}"},"query-input":{"@type":"PropertyValueSpecification","valueRequired":true,"valueName":"search_term_string"}}],"inLanguage":"nl"}]}},"_links":{"self":[{"href":"https:\/\/www.campingdelill.fr\/nl\/wp-json\/wp\/v2\/pages\/2656","targetHints":{"allow":["GET"]}}],"collection":[{"href":"https:\/\/www.campingdelill.fr\/nl\/wp-json\/wp\/v2\/pages"}],"about":[{"href":"https:\/\/www.campingdelill.fr\/nl\/wp-json\/wp\/v2\/types\/page"}],"author":[{"embeddable":true,"href":"https:\/\/www.campingdelill.fr\/nl\/wp-json\/wp\/v2\/users\/1"}],"replies":[{"embeddable":true,"href":"https:\/\/www.campingdelill.fr\/nl\/wp-json\/wp\/v2\/comments?post=2656"}],"version-history":[{"count":6,"href":"https:\/\/www.campingdelill.fr\/nl\/wp-json\/wp\/v2\/pages\/2656\/revisions"}],"predecessor-version":[{"id":3924,"href":"https:\/\/www.campingdelill.fr\/nl\/wp-json\/wp\/v2\/pages\/2656\/revisions\/3924"}],"wp:attachment":[{"href":"https:\/\/www.campingdelill.fr\/nl\/wp-json\/wp\/v2\/media?parent=2656"}],"curies":[{"name":"wp","href":"https:\/\/api.w.org\/{rel}","templated":true}]}}