{"id":404,"date":"2018-02-20T16:45:10","date_gmt":"2018-02-20T15:45:10","guid":{"rendered":"http:\/\/www.citykamp.com\/colmar\/nl\/activites-services\/"},"modified":"2026-04-13T10:57:43","modified_gmt":"2026-04-13T08:57:43","slug":"activites-services-colmar","status":"publish","type":"page","link":"https:\/\/www.campingdelill.fr\/nl\/activites-services-colmar\/","title":{"rendered":"Activit\u00e9s \/ Services"},"content":{"rendered":"<div class=\"wpb-content-wrapper\"><p>[vc_row][vc_column][vc_single_image image=&#8221;3549&#8243; img_size=&#8221;1900&#215;500&#8243;][\/vc_column][\/vc_row][vc_row][vc_column]<div class=\"wrappedcontent\">[vc_column_text]<\/p>\n<h1 style=\"text-align: center;\"><span style=\"font-size: 20pt;\"><strong>ACTIVITEITEN EN DIENSTEN OP CAMPING DE COLMAR<\/strong><\/span><\/h1>\n<p>[\/vc_column_text][vc_column_text]<\/p>\n<h2 style=\"text-align: center;\"><span style=\"font-size: 18pt;\"><strong>GENIET VAN ONZE VRIJETIJDSFACILITEITEN<\/strong><\/span><\/h2>\n<p>[\/vc_column_text][vc_empty_space height=&#8221;50px&#8221;][vc_row_inner gap=&#8221;25&#8243; css=&#8221;.vc_custom_1701340927059{margin-left: -0.5px !important;}&#8221;][vc_column_inner width=&#8221;1\/3&#8243;][vc_single_image image=&#8221;3000&#8243; img_size=&#8221;600*400&#8243; alignment=&#8221;center&#8221;][vc_empty_space height=&#8221;12px&#8221;][vc_column_text]<\/p>\n<h3 style=\"text-align: center;\"><strong><span style=\"font-size: 14pt;\">ZWEMBAD &amp; KINDERBAD<\/span><\/strong><\/h3>\n<p>[\/vc_column_text][vc_column_text css=&#8221;&#8221;]Camping de l\u2019Ill \u2013 Colmar heeft een groot verwarmd zwembad geopend van 28\/04 tot 28\/09, eenwaterspeelzone met kinderbad, watespelen\u2026 alles waar kinderen dol op zijn.[\/vc_column_text][\/vc_column_inner][vc_column_inner width=&#8221;1\/3&#8243;][vc_single_image image=&#8221;3023&#8243; img_size=&#8221;600*400&#8243; alignment=&#8221;center&#8221;][vc_empty_space height=&#8221;12px&#8221;][vc_column_text]<\/p>\n<h3 style=\"text-align: center;\"><strong><span style=\"font-size: 14pt;\">ONTSPANNING &amp; VRIJE TIJD<\/span><\/strong><\/h3>\n<p>[\/vc_column_text][vc_column_text]De een gaat jeu de boulen of tafelvoetballen. De kinderen kunnen naar de speeltuin.[\/vc_column_text][\/vc_column_inner][vc_column_inner width=&#8221;1\/3&#8243;][vc_single_image image=&#8221;1646&#8243; img_size=&#8221;600*400&#8243; alignment=&#8221;center&#8221;][vc_empty_space height=&#8221;12px&#8221;][vc_column_text]<\/p>\n<h3 style=\"text-align: center;\"><span style=\"font-size: 14pt;\"><strong>FIETSVERHUUR<\/strong><\/span><\/h3>\n<p>[\/vc_column_text][vc_column_text]Het centrum van Colmar is te voet of op de fiets toegankelijk\u2026 In Colmar bezoekt u het kleine Veneti\u00eb met een boot, en de stad aan boord van het toeristentreintje\u2026[\/vc_column_text][\/vc_column_inner][\/vc_row_inner]<\/div>[\/vc_column][\/vc_row][vc_row css=&#8221;.vc_custom_1701337284735{background-color: rgba(232,78,27,0.2) !important;*background-color: rgb(232,78,27) !important;}&#8221;][vc_column]<div class=\"wrappedcontent\">[vc_column_text]<\/p>\n<h2 style=\"text-align: center;\"><span style=\"font-size: 18pt;\"><strong>ACTIVITEITEN IN ALSACE, ROND DE CAMPING<\/strong><\/span><\/h2>\n<p>[\/vc_column_text][vc_empty_space height=&#8221;50px&#8221;][vc_row_inner css=&#8221;.vc_custom_1701341106121{margin-left: -0.5px !important;}&#8221;][vc_column_inner width=&#8221;1\/2&#8243;][vc_column_text]<strong>Club kano-kayak<\/strong>: langs de Ill \u2013 1 km<br \/>\n<strong>Tennis<\/strong> bij ASPTT Colmar, op 1 km van de camping<br \/>\n<strong>Zwembad <\/strong>in het centrum van Colmar &#8211; 3 km<strong><br \/>\nPaard rijden<\/strong> \u2013 bos van Neuland \u2013 5 km<strong><br \/>\n<\/strong>[\/vc_column_text][\/vc_column_inner][vc_column_inner width=&#8221;1\/2&#8243;][vc_column_text]<strong>Waterrecreatiebasis Colmar-Houssen<\/strong>, open in juni, juli en augustus: stranden, waterrecreatie \u2013 6km<br \/>\n<strong>Golf<\/strong> in Ammerschwihr \u2013 13 km<br \/>\n<strong>Parc Alsace Aventure<\/strong> op 10 km van de camping : boomklim parcours, tyroliennes, mountain bike\u2026 \u2013 45 km[\/vc_column_text][\/vc_column_inner][\/vc_row_inner]<\/div>[\/vc_column][\/vc_row][vc_row][vc_column]<div class=\"wrappedcontent\">[vc_column_text]<\/p>\n<h2 style=\"text-align: center;\"><span style=\"font-size: 18pt;\"><strong>AL ONZE DIENSTEN OM UW VERBLIJF OP DE CAMPING TE VERGEMAKKELIJKEN<\/strong><\/span><\/h2>\n<p>[\/vc_column_text][vc_empty_space height=&#8221;50px&#8221;][vc_row_inner gap=&#8221;25&#8243; css=&#8221;.vc_custom_1701341113645{margin-left: -0.5px !important;}&#8221;][vc_column_inner width=&#8221;1\/3&#8243;][vc_single_image image=&#8221;3043&#8243; img_size=&#8221;600*400&#8243; alignment=&#8221;center&#8221;][vc_empty_space height=&#8221;12px&#8221;][vc_column_text]<\/p>\n<h3 style=\"text-align: center;\"><strong><span style=\"font-size: 14pt;\">GASTVRIJE ONTVANGST<\/span><\/strong><\/h3>\n<p>[\/vc_column_text][vc_column_text css=&#8221;&#8221;]Een gastvrije ontvangst, een professioneel team en informatie over de activiteiten in de regio, brochures, folders\u2026[\/vc_column_text][\/vc_column_inner][vc_column_inner width=&#8221;1\/3&#8243;][vc_single_image image=&#8221;2761&#8243; img_size=&#8221;600*400&#8243; alignment=&#8221;center&#8221;][vc_empty_space height=&#8221;12px&#8221;][vc_column_text]<\/p>\n<h3 style=\"text-align: center;\"><strong><span style=\"font-size: 14pt;\">GERENOVEERD BAR-RESTO<\/span><\/strong><\/h3>\n<p>[\/vc_column_text][vc_column_text css=&#8221;&#8221;]Een volledig gerenoveerd bar-restaurant met een prachtig terras dat uitkijkt op de rivier Ill. Hier kunt u gezellig iets eten of drinken in een aangename omgeving. Het restaurant is vanaf 8 mei 2025 in het weekend open, en dagelijks in juli en augustus.[\/vc_column_text][\/vc_column_inner][vc_column_inner width=&#8221;1\/3&#8243;][vc_single_image image=&#8221;3553&#8243; img_size=&#8221;600*400&#8243; alignment=&#8221;center&#8221;][vc_empty_space height=&#8221;12px&#8221;][vc_column_text]<\/p>\n<h3 style=\"text-align: center;\"><strong><span style=\"font-size: 14pt;\">KRUIDENIS &amp; BROOD<\/span><\/strong><\/h3>\n<p>[\/vc_column_text][vc_column_text]Elke morgen vers brood en zoete broodjes\u00a0! Geef uw bestelling de dag ervoor door. Er gaat niets boven een heerlijk ontbijt aan het begin van de dag![\/vc_column_text][\/vc_column_inner][\/vc_row_inner]<div class=\"text-center btnwrap\"><a class=\"btn btn-huttopia-cta\" href=\"http:\/\/checkout.citykamp.com\/site\/nl\/900\" role=\"button\" target=\"\" onclick=\"dataLayer.push({'event':'clickCity', 'clickText':'UW VERBLIJF RESERVEREN'})\">UW VERBLIJF RESERVEREN<\/a><\/div><\/div>[\/vc_column][\/vc_row][vc_row css=&#8221;.vc_custom_1701339169382{background-color: rgba(232,78,27,0.2) !important;*background-color: rgb(232,78,27) !important;}&#8221;][vc_column]<div class=\"wrappedcontent\">[vc_column_text]<\/p>\n<h2 style=\"text-align: center;\"><span style=\"font-size: 18pt;\"><strong>ONZE EXTRA DIENSTEN OP DE CAMPING<\/strong><\/span><\/h2>\n<p>[\/vc_column_text][vc_empty_space height=&#8221;50px&#8221;][vc_row_inner gap=&#8221;35&#8243; css=&#8221;.vc_custom_1701341120173{margin-left: -0.5px !important;}&#8221;][vc_column_inner width=&#8221;1\/4&#8243;][vc_single_image image=&#8221;3557&#8243; img_size=&#8221;71*71&#8243; alignment=&#8221;center&#8221;][vc_empty_space][vc_column_text]<\/p>\n<p style=\"text-align: center;\">Een servicegebied voor campers gelegen aan de ingang van de camping <em>(gratis bij uw locatie).<\/em><\/p>\n<p>[\/vc_column_text][\/vc_column_inner][vc_column_inner width=&#8221;1\/4&#8243;][vc_single_image image=&#8221;3561&#8243; img_size=&#8221;71*71&#8243; alignment=&#8221;center&#8221;][vc_empty_space][vc_column_text]<\/p>\n<p style=\"text-align: center;\">Een wasserette met wasmachine en droger<em> (muntjes te koop bij de receptie).<\/em><\/p>\n<p>[\/vc_column_text][\/vc_column_inner][vc_column_inner width=&#8221;1\/4&#8243;][vc_single_image image=&#8221;3565&#8243; img_size=&#8221;71*71&#8243; alignment=&#8221;center&#8221;][vc_empty_space][vc_column_text]<\/p>\n<p style=\"text-align: center;\">Verhuur van koelkasten*<\/p>\n<p>[\/vc_column_text][\/vc_column_inner][vc_column_inner width=&#8221;1\/4&#8243;][vc_single_image image=&#8221;3557&#8243; img_size=&#8221;71*71&#8243; alignment=&#8221;center&#8221;][vc_empty_space][vc_column_text]<\/p>\n<p style=\"text-align: center;\">Verhuur van barbecues*<\/p>\n<p>[\/vc_column_text][\/vc_column_inner][\/vc_row_inner][vc_column_text]<\/p>\n<p style=\"text-align: center;\"><em>* op basis van beschikbaarheid<\/em><\/p>\n<p>[\/vc_column_text]<\/div>[\/vc_column][\/vc_row][vc_row css=&#8221;.vc_custom_1519220431434{background-color: #ffffff !important;}&#8221;][vc_column]<div class=\"wrappedcontent\">[vc_column_text]<\/p>\n<h2 style=\"text-align: center;\"><span style=\"font-size: 18pt;\"><strong>IN DE BUURT VAN DE CAMPING DE L\u2019ILL VINDT U PRAKTISCHE VOORZIENINGEN VOOR UW VERBLIJF<\/strong><\/span><\/h2>\n<p>[\/vc_column_text][vc_empty_space height=&#8221;50px&#8221;][vc_column_text]<\/p>\n<ul>\n<li>Winkelcentrum<\/li>\n<li>Tankstation<\/li>\n<li>Winkels<\/li>\n<li>Bank<\/li>\n<li>Bushalte bij de ingang van de camping: de lijnen 1 en A brengen u naar het centrum van Colmar<\/li>\n<\/ul>\n<p>[\/vc_column_text][vc_empty_space height=&#8221;50&#8243;][vc_row_inner equal_height=&#8221;yes&#8221; content_placement=&#8221;middle&#8221; gap=&#8221;20&#8243; css=&#8221;.vc_custom_1701341127623{margin-left: -0.5px !important;}&#8221;][vc_column_inner width=&#8221;1\/3&#8243; css=&#8221;.vc_custom_1701340008985{background-color: rgba(232,78,27,0.2) !important;*background-color: rgb(232,78,27) !important;}&#8221;][vc_single_image image=&#8221;3516&#8243; img_size=&#8221;71*71&#8243; alignment=&#8221;center&#8221; onclick=&#8221;custom_link&#8221; link=&#8221;https:\/\/media.huttopia.com\/destinations\/colmar\/plan-camping-citykamp-colmar.pdf&#8221;][vc_column_text css=&#8221;.vc_custom_1701346202945{padding-top: 25px !important;padding-right: 15px !important;padding-bottom: 15px !important;padding-left: 15px !important;}&#8221;]<\/p>\n<p style=\"text-align: center;\"><a href=\"https:\/\/media.huttopia.com\/destinations\/colmar\/plan-camping-citykamp-colmar.pdf\" target=\"_blank\" rel=\"noopener noreferrer\"><strong>Plattegrond van de camping<\/strong><\/a><\/p>\n<p>[\/vc_column_text][\/vc_column_inner][vc_column_inner width=&#8221;1\/3&#8243; css=&#8221;.vc_custom_1701340067045{background-color: rgba(232,78,27,0.2) !important;*background-color: rgb(232,78,27) !important;}&#8221;][vc_single_image image=&#8221;3520&#8243; img_size=&#8221;71*71&#8243; alignment=&#8221;center&#8221; onclick=&#8221;custom_link&#8221; link=&#8221;http:\/\/checkout.citykamp.com\/site\/nl\/900&#8243;][vc_column_text css=&#8221;.vc_custom_1701346232324{padding-top: 25px !important;padding-right: 15px !important;padding-bottom: 15px !important;padding-left: 15px !important;}&#8221;]<\/p>\n<p style=\"text-align: center;\"><a href=\"http:\/\/checkout.citykamp.com\/site\/nl\/900\" target=\"_blank\" rel=\"noopener noreferrer\"><strong>Reserveer uw verblijf<\/strong><\/a><\/p>\n<p>[\/vc_column_text][\/vc_column_inner][vc_column_inner width=&#8221;1\/3&#8243; css=&#8221;.vc_custom_1701340075741{background-color: rgba(232,78,27,0.2) !important;*background-color: rgb(232,78,27) !important;}&#8221;][vc_single_image image=&#8221;3524&#8243; img_size=&#8221;71*71&#8243; alignment=&#8221;center&#8221; onclick=&#8221;custom_link&#8221; link=&#8221;https:\/\/goo.gl\/maps\/eC9ymUXFz592&#8243;][vc_column_text css=&#8221;.vc_custom_1701346249702{padding-top: 25px !important;padding-right: 15px !important;padding-bottom: 15px !important;padding-left: 15px !important;}&#8221;]<\/p>\n<p style=\"text-align: center;\"><a href=\"https:\/\/goo.gl\/maps\/eC9ymUXFz592\" target=\"_blank\" rel=\"noopener noreferrer\"><strong>Route<\/strong><\/a><\/p>\n<p>[\/vc_column_text][\/vc_column_inner][\/vc_row_inner]<\/div>[\/vc_column][\/vc_row][vc_row css=&#8221;.vc_custom_1701340145256{background-color: rgba(232,78,27,0.2) !important;*background-color: rgb(232,78,27) !important;}&#8221;][vc_column]<div class=\"wrappedcontent\">[vc_column_text]<\/p>\n<h2 style=\"text-align: center;\"><span style=\"font-size: 18pt;\"><strong>FOTO\u2019S VAN DE ACTIVITEITEN EN SERVICES OP DE CAMPING DE L\u2019ILL COLMAR<\/strong><\/span><\/h2>\n<p>[\/vc_column_text][vc_empty_space height=&#8221;18px&#8221;][vc_masonry_media_grid style=&#8221;load-more&#8221; items_per_page=&#8221;4&#8243; element_width=&#8221;3&#8243; gap=&#8221;10&#8243; item=&#8221;613&#8243; btn_title=&#8221;VOIR PLUS&#8221; btn_style=&#8221;custom&#8221; btn_custom_background=&#8221;#e84e1b&#8221; btn_custom_text=&#8221;#ffffff&#8221; btn_shape=&#8221;square&#8221; btn_i_icon_fontawesome=&#8221;fa fa-camera&#8221; btn_add_icon=&#8221;true&#8221; grid_id=&#8221;vc_gid:1776070653817-793e7df7-8c36-4&#8243; include=&#8221;1690,1694,1160,2017,1666,1670,1674,1662,1682,1686,1678,1698,1702,1706,1157,1151,1172,1166,1148,1154,1145,1163,2013&#8243;]<\/div>[\/vc_column][\/vc_row]<\/p>\n<\/div>","protected":false},"excerpt":{"rendered":"<p>[vc_row][vc_column][vc_single_image image=&#8221;3549&#8243; img_size=&#8221;1900&#215;500&#8243;][\/vc_column][\/vc_row][vc_row][vc_column][\/vc_column][\/vc_row][vc_row css=&#8221;.vc_custom_1701337284735{background-color: rgba(232,78,27,0.2) !important;*background-color: rgb(232,78,27) !important;}&#8221;][vc_column][\/vc_column][\/vc_row][vc_row][vc_column][\/vc_column][\/vc_row][vc_row css=&#8221;.vc_custom_1701339169382{background-color: rgba(232,78,27,0.2) !important;*background-color: rgb(232,78,27) !important;}&#8221;][vc_column][\/vc_column][\/vc_row][vc_row css=&#8221;.vc_custom_1519220431434{background-color: #ffffff !important;}&#8221;][vc_column][\/vc_column][\/vc_row][vc_row css=&#8221;.vc_custom_1701340145256{background-color: rgba(232,78,27,0.2) !important;*background-color: rgb(232,78,27) !important;}&#8221;][vc_column][\/vc_column][\/vc_row]<\/p>\n","protected":false},"author":1,"featured_media":0,"parent":0,"menu_order":0,"comment_status":"closed","ping_status":"closed","template":"","meta":{"footnotes":""},"class_list":["post-404","page","type-page","status-publish","hentry"],"yoast_head":"<!-- This site is optimized with the Yoast SEO plugin v25.6 - https:\/\/yoast.com\/wordpress\/plugins\/seo\/ -->\n<title>Activit\u00e9s &amp; services, vacances en Alsace | Camping de l&#039;Ill \u00e0 Colmar<\/title>\n<meta name=\"description\" content=\"Profitez des nombreux \u00e9quipements et activit\u00e9s propos\u00e9s au camping de l&#039;Ill - Colmar pour un s\u00e9jour en Alsace entre d\u00e9tente et loisirs.\" \/>\n<meta name=\"robots\" content=\"index, follow, max-snippet:-1, max-image-preview:large, max-video-preview:-1\" \/>\n<link rel=\"canonical\" href=\"https:\/\/www.campingdelill.fr\/nl\/activites-services-colmar\/\" \/>\n<meta property=\"og:locale\" content=\"nl_NL\" \/>\n<meta property=\"og:type\" content=\"article\" \/>\n<meta property=\"og:title\" content=\"Activit\u00e9s &amp; services, vacances en Alsace | Camping de l&#039;Ill \u00e0 Colmar\" \/>\n<meta property=\"og:description\" content=\"Profitez des nombreux \u00e9quipements et activit\u00e9s propos\u00e9s au camping de l&#039;Ill - Colmar pour un s\u00e9jour en Alsace entre d\u00e9tente et loisirs.\" \/>\n<meta property=\"og:url\" content=\"https:\/\/www.campingdelill.fr\/nl\/activites-services-colmar\/\" \/>\n<meta property=\"og:site_name\" content=\"Camping de Colmar\" \/>\n<meta property=\"article:modified_time\" content=\"2026-04-13T08:57:43+00:00\" \/>\n<meta name=\"twitter:card\" content=\"summary_large_image\" \/>\n<meta name=\"twitter:label1\" content=\"Est. reading time\" \/>\n\t<meta name=\"twitter:data1\" content=\"3 minuten\" \/>\n<script type=\"application\/ld+json\" class=\"yoast-schema-graph\">{\"@context\":\"https:\/\/schema.org\",\"@graph\":[{\"@type\":\"WebPage\",\"@id\":\"https:\/\/www.campingdelill.fr\/nl\/activites-services-colmar\/\",\"url\":\"https:\/\/www.campingdelill.fr\/nl\/activites-services-colmar\/\",\"name\":\"Activit\u00e9s & services, vacances en Alsace | Camping de l'Ill \u00e0 Colmar\",\"isPartOf\":{\"@id\":\"https:\/\/www.campingdelill.fr\/nl\/#website\"},\"datePublished\":\"2018-02-20T15:45:10+00:00\",\"dateModified\":\"2026-04-13T08:57:43+00:00\",\"description\":\"Profitez des nombreux \u00e9quipements et activit\u00e9s propos\u00e9s au camping de l'Ill - Colmar pour un s\u00e9jour en Alsace entre d\u00e9tente et loisirs.\",\"breadcrumb\":{\"@id\":\"https:\/\/www.campingdelill.fr\/nl\/activites-services-colmar\/#breadcrumb\"},\"inLanguage\":\"nl\",\"potentialAction\":[{\"@type\":\"ReadAction\",\"target\":[\"https:\/\/www.campingdelill.fr\/nl\/activites-services-colmar\/\"]}]},{\"@type\":\"BreadcrumbList\",\"@id\":\"https:\/\/www.campingdelill.fr\/nl\/activites-services-colmar\/#breadcrumb\",\"itemListElement\":[{\"@type\":\"ListItem\",\"position\":1,\"name\":\"Accueil\",\"item\":\"https:\/\/www.campingdelill.fr\/nl\/\"},{\"@type\":\"ListItem\",\"position\":2,\"name\":\"Activit\u00e9s \/ Services\"}]},{\"@type\":\"WebSite\",\"@id\":\"https:\/\/www.campingdelill.fr\/nl\/#website\",\"url\":\"https:\/\/www.campingdelill.fr\/nl\/\",\"name\":\"Camping de Colmar\",\"description\":\"Un site utilisant Citykamp\",\"potentialAction\":[{\"@type\":\"SearchAction\",\"target\":{\"@type\":\"EntryPoint\",\"urlTemplate\":\"https:\/\/www.campingdelill.fr\/nl\/?s={search_term_string}\"},\"query-input\":{\"@type\":\"PropertyValueSpecification\",\"valueRequired\":true,\"valueName\":\"search_term_string\"}}],\"inLanguage\":\"nl\"}]}<\/script>\n<!-- \/ Yoast SEO plugin. -->","yoast_head_json":{"title":"Activit\u00e9s & services, vacances en Alsace | Camping de l'Ill \u00e0 Colmar","description":"Profitez des nombreux \u00e9quipements et activit\u00e9s propos\u00e9s au camping de l'Ill - Colmar pour un s\u00e9jour en Alsace entre d\u00e9tente et loisirs.","robots":{"index":"index","follow":"follow","max-snippet":"max-snippet:-1","max-image-preview":"max-image-preview:large","max-video-preview":"max-video-preview:-1"},"canonical":"https:\/\/www.campingdelill.fr\/nl\/activites-services-colmar\/","og_locale":"nl_NL","og_type":"article","og_title":"Activit\u00e9s & services, vacances en Alsace | Camping de l'Ill \u00e0 Colmar","og_description":"Profitez des nombreux \u00e9quipements et activit\u00e9s propos\u00e9s au camping de l'Ill - Colmar pour un s\u00e9jour en Alsace entre d\u00e9tente et loisirs.","og_url":"https:\/\/www.campingdelill.fr\/nl\/activites-services-colmar\/","og_site_name":"Camping de Colmar","article_modified_time":"2026-04-13T08:57:43+00:00","twitter_card":"summary_large_image","twitter_misc":{"Est. reading time":"3 minuten"},"schema":{"@context":"https:\/\/schema.org","@graph":[{"@type":"WebPage","@id":"https:\/\/www.campingdelill.fr\/nl\/activites-services-colmar\/","url":"https:\/\/www.campingdelill.fr\/nl\/activites-services-colmar\/","name":"Activit\u00e9s & services, vacances en Alsace | Camping de l'Ill \u00e0 Colmar","isPartOf":{"@id":"https:\/\/www.campingdelill.fr\/nl\/#website"},"datePublished":"2018-02-20T15:45:10+00:00","dateModified":"2026-04-13T08:57:43+00:00","description":"Profitez des nombreux \u00e9quipements et activit\u00e9s propos\u00e9s au camping de l'Ill - Colmar pour un s\u00e9jour en Alsace entre d\u00e9tente et loisirs.","breadcrumb":{"@id":"https:\/\/www.campingdelill.fr\/nl\/activites-services-colmar\/#breadcrumb"},"inLanguage":"nl","potentialAction":[{"@type":"ReadAction","target":["https:\/\/www.campingdelill.fr\/nl\/activites-services-colmar\/"]}]},{"@type":"BreadcrumbList","@id":"https:\/\/www.campingdelill.fr\/nl\/activites-services-colmar\/#breadcrumb","itemListElement":[{"@type":"ListItem","position":1,"name":"Accueil","item":"https:\/\/www.campingdelill.fr\/nl\/"},{"@type":"ListItem","position":2,"name":"Activit\u00e9s \/ Services"}]},{"@type":"WebSite","@id":"https:\/\/www.campingdelill.fr\/nl\/#website","url":"https:\/\/www.campingdelill.fr\/nl\/","name":"Camping de Colmar","description":"Un site utilisant Citykamp","potentialAction":[{"@type":"SearchAction","target":{"@type":"EntryPoint","urlTemplate":"https:\/\/www.campingdelill.fr\/nl\/?s={search_term_string}"},"query-input":{"@type":"PropertyValueSpecification","valueRequired":true,"valueName":"search_term_string"}}],"inLanguage":"nl"}]}},"_links":{"self":[{"href":"https:\/\/www.campingdelill.fr\/nl\/wp-json\/wp\/v2\/pages\/404","targetHints":{"allow":["GET"]}}],"collection":[{"href":"https:\/\/www.campingdelill.fr\/nl\/wp-json\/wp\/v2\/pages"}],"about":[{"href":"https:\/\/www.campingdelill.fr\/nl\/wp-json\/wp\/v2\/types\/page"}],"author":[{"embeddable":true,"href":"https:\/\/www.campingdelill.fr\/nl\/wp-json\/wp\/v2\/users\/1"}],"replies":[{"embeddable":true,"href":"https:\/\/www.campingdelill.fr\/nl\/wp-json\/wp\/v2\/comments?post=404"}],"version-history":[{"count":6,"href":"https:\/\/www.campingdelill.fr\/nl\/wp-json\/wp\/v2\/pages\/404\/revisions"}],"predecessor-version":[{"id":3921,"href":"https:\/\/www.campingdelill.fr\/nl\/wp-json\/wp\/v2\/pages\/404\/revisions\/3921"}],"wp:attachment":[{"href":"https:\/\/www.campingdelill.fr\/nl\/wp-json\/wp\/v2\/media?parent=404"}],"curies":[{"name":"wp","href":"https:\/\/api.w.org\/{rel}","templated":true}]}}